{"id":3,"date":"2022-04-19T23:23:39","date_gmt":"2022-04-19T23:23:39","guid":{"rendered":"http:\/\/travelsmartcampaign.org\/?page_id=3"},"modified":"2022-05-03T17:01:30","modified_gmt":"2022-05-03T17:01:30","slug":"datenschutz-bestimmungen","status":"publish","type":"page","link":"https:\/\/travelsmartcampaign.org\/de\/privacy-policy\/","title":{"rendered":"Datenschutz-Bestimmungen"},"content":{"rendered":"<div data-elementor-type=\"wp-page\" data-elementor-id=\"3\" class=\"elementor elementor-3\" data-elementor-post-type=\"page\">\n\t\t\t\t\t\t<section class=\"elementor-section elementor-top-section elementor-element elementor-element-1b5ad17c elementor-section-boxed elementor-section-height-default elementor-section-height-default\" data-id=\"1b5ad17c\" data-element_type=\"section\" data-e-type=\"section\" data-settings=\"{&quot;jet_parallax_layout_list&quot;:[]}\">\n\t\t\t\t\t\t<div class=\"elementor-container elementor-column-gap-default\">\n\t\t\t\t\t<div class=\"elementor-column elementor-col-100 elementor-top-column elementor-element elementor-element-4047b312\" data-id=\"4047b312\" data-element_type=\"column\" data-e-type=\"column\">\n\t\t\t<div class=\"elementor-widget-wrap elementor-element-populated\">\n\t\t\t\t\t\t<div class=\"elementor-element elementor-element-bedd277 elementor-widget elementor-widget-heading\" data-id=\"bedd277\" data-element_type=\"widget\" data-e-type=\"widget\" data-widget_type=\"heading.default\">\n\t\t\t\t\t<h1 class=\"elementor-heading-title elementor-size-default\">Datenschutz-Bestimmungen<\/h1>\t\t\t\t<\/div>\n\t\t\t\t<div class=\"elementor-element elementor-element-03dc423 elementor-widget elementor-widget-text-editor\" data-id=\"03dc423\" data-element_type=\"widget\" data-e-type=\"widget\" data-widget_type=\"text-editor.default\">\n\t\t\t\t\t\t\t\t\t<p>Die Travel Smart-Kampagne wird gehostet von <a href=\"https:\/\/www.transportenvironment.org\/\" target=\"_blank\" rel=\"noreferrer noopener\">Transport &amp; Environment<\/a>. Indem Sie sich anmelden, um Mitteilungen von der Travel Smart-Kampagne zu erhalten, stimmen Sie der Speicherung und Kontrolle Ihrer personenbezogenen Daten durch die Travel Smart-Kampagne und Transport &amp; Environment gem\u00e4\u00df der nachstehenden Richtlinie zu.<\/p>\t\t\t\t\t\t\t\t<\/div>\n\t\t\t\t<div class=\"elementor-element elementor-element-06fe9ed elementor-widget-divider--view-line elementor-widget elementor-widget-divider\" data-id=\"06fe9ed\" data-element_type=\"widget\" data-e-type=\"widget\" data-widget_type=\"divider.default\">\n\t\t\t\t\t\t\t<div class=\"elementor-divider\">\n\t\t\t<span class=\"elementor-divider-separator\">\n\t\t\t\t\t\t<\/span>\n\t\t<\/div>\n\t\t\t\t\t\t<\/div>\n\t\t\t\t<div class=\"elementor-element elementor-element-362222b8 elementor-widget elementor-widget-text-editor\" data-id=\"362222b8\" data-element_type=\"widget\" data-e-type=\"widget\" data-widget_type=\"text-editor.default\">\n\t\t\t\t\t\t\t\t\t\n<p class=\"intro\">Die gemeinn\u00fctzige Organisation Transport &amp; Environment (EUROPEAN FEDERATION FOR TRANSPORT AND ENVIRONMENT AISBL \u2013 Vereinsnummer 44.3.549.326), abgek\u00fcrzt T&amp;E, legt gro\u00dfen Wert auf die Achtung des Rechts auf Vertraulichkeit der von ihr gespeicherten personenbezogenen Daten.<br \/>Sie erreichen T&amp;E unter:<br \/>Square de Meeus, 18<br \/>1050 Br\u00fcssel<br \/><a href=\"mailto:info@transportenvironment.org\">info@transportenvironment.org<\/a><\/p>\n<p><b>Wer sind die von dieser Aussage betroffenen Personen?<\/b><br \/>T&amp;E ist der Verantwortliche f\u00fcr die personenbezogenen Daten seiner Mitglieder oder der Vertreter seiner Mitglieder, seiner Auftragnehmer oder Lieferanten, der personenbezogenen Daten von Stellenbewerbern, der auf dieser Website, w\u00e4hrend des E-Mail-Austauschs oder im Au\u00dfendienst erhobenen personenbezogenen Daten ( wie Visitenkarten, \u00f6ffentlich zug\u00e4ngliche Kontaktinformationen u. a. auf Websites, personenbezogene Daten, die bei Veranstaltungen erhoben werden, in den von uns durchgef\u00fchrten Petitionen, personenbezogene Daten der im Umweltbereich t\u00e4tigen Journalisten usw.). Wir erheben und speichern Ihre Daten, weil Sie zu einer dieser Kategorien geh\u00f6ren. Bitte kontaktieren Sie uns, wenn dies nicht der Fall ist.<\/p>\n<p><b>Was bedeutet \u201epersonenbezogene Daten\u201c?<\/b><br \/>Personenbezogene Daten sind alle Informationen, die sich auf eine identifizierte oder identifizierbare nat\u00fcrliche Person beziehen; eine identifizierbare Person ist eine Person, die direkt oder indirekt, insbesondere durch Bezugnahme auf eine E-Mail, identifiziert werden kann.<\/p>\n<p>Der Zugriff auf die auf oder \u00fcber diese Website verf\u00fcgbaren Informationen erfordert grunds\u00e4tzlich keine Angabe personenbezogener Daten durch den Nutzer. Um jedoch bestimmte Online-Dienste zu nutzen, z. B. um uns \u00fcber unser Kontaktformular zu kontaktieren oder unseren Newsletter (genannt Bulletin), unsere Medienkontaktliste und E-Mail-Benachrichtigungen zu abonnieren, werden Sie m\u00f6glicherweise gebeten, uns personenbezogene Daten wie Ihren Vornamen zur Verf\u00fcgung zu stellen , Nachname, Firmenname und E-Mail-Adresse.<\/p>\n<p><b>Warum erheben und speichern wir personenbezogene Daten?<\/b><br \/>T&amp;E verarbeitet Ihre personenbezogenen Daten auf der Grundlage seines berechtigten Interesses, das Bewusstsein f\u00fcr Umweltangelegenheiten zu sch\u00e4rfen oder einen Vertrag wie den Verbandsvertrag oder den Vertrag, den Sie akzeptieren, wenn Sie eine Dienstleistung von uns anfordern, auszuf\u00fchren. T&amp;E erhebt und speichert nur die personenbezogenen Daten, die f\u00fcr die Kommunikation \u00fcber seine Arbeit erforderlich sind, beispielsweise \u00fcber monatliche Newsletter, E-Mail-Benachrichtigungen und Online-Petitionen, die Kommunikation mit Auftragnehmern und Partnern oder die Arbeit mit seinen Mitarbeitern. Personenbezogene Daten werden zu keinem anderen Zweck und niemals zu kommerziellen Zwecken verwendet. Daher speichert T&amp;E personenbezogene Daten so kurz wie m\u00f6glich gem\u00e4\u00df den verfolgten Zwecken. Wenn wir beispielsweise Lebensl\u00e4ufe f\u00fcr ein Stellenangebot erhalten, l\u00f6schen wir die Lebensl\u00e4ufe, sobald wir jemanden gefunden haben, es sei denn, die Kandidaten bitten uns, ihren Lebenslauf aufzubewahren. In anderen F\u00e4llen l\u00f6schen wir Ihre personenbezogenen Daten grunds\u00e4tzlich drei Jahre nach Ihrem letzten Kontakt mit uns.<\/p>\n<p>T&amp;E wird Ihre Informationen mit niemandem verwenden, teilen, vermieten oder verkaufen, au\u00dfer zu Pr\u00fcfungszwecken, bei denen wir Spendern Teilnehmerlisten zeigen k\u00f6nnen, die bei Veranstaltungen erhalten wurden, nur um zu \u00fcberpr\u00fcfen, ob finanzierte Veranstaltungen stattgefunden haben. In Bezug auf Medienkontakte f\u00fchrt T&amp;E eine Medienkontaktliste, die mit der Umwelt-NGO EEB (Vereinsnummer 415.814.848) geteilt wird.<\/p>\n<p>Wir erfassen wissentlich keine personenbezogenen Daten von Kindern unter 16 Jahren. Falls wir feststellen, dass uns ein Kind unter 16 Jahren personenbezogene Daten zur Verf\u00fcgung gestellt hat, l\u00f6schen wir diese unverz\u00fcglich von unseren Servern. Wenn Sie ein Elternteil oder Erziehungsberechtigter sind und wissen, dass Ihr Kind uns personenbezogene Daten zur Verf\u00fcgung gestellt hat, kontaktieren Sie uns bitte unter info@transportenvironment.org, damit wir die erforderlichen Ma\u00dfnahmen ergreifen k\u00f6nnen.<\/p>\n<p><b>Wo speichern wir personenbezogene Daten und geben wir Ihre Daten an Dritte weiter?<\/b><br \/>Es werden keine Daten au\u00dferhalb Europas gespeichert oder \u00fcbertragen, es sei denn, wir verwenden einen Auftragsdatenverarbeiter, der unter dem EU-US- oder EU-Schweizer Privacy Shield Framework arbeitet. T&amp;E kann Drittunternehmen und Freiberufler mit der Erhebung und Speicherung personenbezogener Daten beauftragen. Zu diesen Dienstleistern geh\u00f6ren Google, MailChimp, Eventbrite, Campaignion! und Microsoft. Wir w\u00e4hlen nur Drittunternehmen und Freiberufler aus, die DSGVO-konform sind.<\/p>\n<p><b>Sind personenbezogene Daten bei uns sicher?<\/b><br \/>Wir treffen Vorkehrungen, um Ihre Informationen sowohl online als auch offline zu sch\u00fctzen. Nur Mitarbeiter, die die Informationen ben\u00f6tigen, um bestimmte Aktionen auszuf\u00fchren, erhalten Zugriff auf personenbezogene Daten. Die Computer\/Server, auf denen wir personenbezogene Daten speichern, werden gesch\u00fctzt und in einer sicheren Umgebung aufbewahrt.<\/p>\n<p><b>Welche Rechte k\u00f6nnen Sie aus\u00fcben?<\/b><br \/>Ihre pers\u00f6nlichen Daten sind vollst\u00e4ndig zug\u00e4nglich, indem Sie T&amp;E unter info@transportenvironment.org kontaktieren. Sie k\u00f6nnen uns bitten, Ihre personenbezogenen Daten an einen anderen Verein zu \u00fcbertragen (es ist Ihr Recht auf Daten\u00fcbertragbarkeit, aber nur, wenn die Verarbeitung Ihrer Daten auf einem Vertrag beruht); Ihre personenbezogenen Daten zu korrigieren oder zu vervollst\u00e4ndigen; um Sie von unseren E-Mails abzumelden; unseren Zugriff auf Ihre Daten einzuschr\u00e4nken oder Ihre personenbezogenen Daten aus unserer Datenbank zu l\u00f6schen.<\/p>\n<p><b>Haben wir Cookies auf unserer Website?<\/b><br \/>T&amp;E sammelt und speichert auch Cookies, eine kleine Textdatei, die eine Website auf Ihrem Computer oder Mobilger\u00e4t speichert, wenn Sie die Website besuchen. Es erm\u00f6glicht der Website, sich Ihre Aktionen und Pr\u00e4ferenzen \u00fcber einen bestimmten Zeitraum zu merken, sodass Sie sie nicht jedes Mal neu angeben m\u00fcssen, wenn Sie auf die Website zur\u00fcckkehren oder von einer Seite zur anderen bl\u00e4ttern. T&amp;E verwendet diese Cookies, um die Benutzererfahrung auf seiner Website zu verbessern, beispielsweise \u00fcber Google Analytics.<\/p>\n<p><b>Aktualisieren<\/b><br \/>Diese Richtlinie wird von Zeit zu Zeit aktualisiert. Die neueste Version ist auf dieser Seite verf\u00fcgbar und wurde am 25. Mai 2018 ver\u00f6ffentlicht. Wir empfehlen Ihnen, diese Seite regelm\u00e4\u00dfig auf \u00c4nderungen zu \u00fcberpr\u00fcfen. Diese \u00c4nderungen treten sofort in Kraft, nachdem sie auf dieser Seite ver\u00f6ffentlicht wurden.<\/p>\n<p>Wenn Sie bef\u00fcrchten, dass wir Ihre gesetzlichen Rechte oder geltende Datenschutzgesetze nicht eingehalten haben, k\u00f6nnen Sie sich an die belgische DPA (Datenschutzbeh\u00f6rde: https:\/\/www.dataprotectionauthority.be\/) wenden. Wenn Sie sich au\u00dferhalb Belgiens befinden, k\u00f6nnen Sie sich alternativ an Ihre \u00f6rtliche Datenschutzbeh\u00f6rde wenden.<\/p>\n\t\t\t\t\t\t\t\t<\/div>\n\t\t\t\t\t<\/div>\n\t\t<\/div>\n\t\t\t\t\t<\/div>\n\t\t<\/section>\n\t\t\t\t<\/div>","protected":false},"excerpt":{"rendered":"<p>Privacy Policy The Travel Smart Campaign is hosted by Transport &amp; Environment. By signing up to receive communications from the Travel Smart Campaign, you consent to the Travel Smart Campaign and Transport &amp; Environment storing and controlling your personal data, in line with the policy below. The non-for-profit Transport &amp; Environment organization (EUROPEAN FEDERATION FOR [&hellip;]<\/p>\n","protected":false},"author":1,"featured_media":0,"parent":0,"menu_order":0,"comment_status":"closed","ping_status":"closed","template":"","meta":{"footnotes":""},"class_list":["post-3","page","type-page","status-publish","hentry"],"yoast_head":"<!-- This site is optimized with the Yoast SEO plugin v27.4 - https:\/\/yoast.com\/product\/yoast-seo-wordpress\/ -->\n<title>Privacy Policy - Travel Smart Campaign<\/title>\n<meta name=\"robots\" content=\"index, follow, max-snippet:-1, max-image-preview:large, max-video-preview:-1\" \/>\n<link rel=\"canonical\" href=\"https:\/\/travelsmartcampaign.org\/de\/datenschutz-bestimmungen\/\" \/>\n<meta property=\"og:locale\" content=\"de_DE\" \/>\n<meta property=\"og:type\" content=\"article\" \/>\n<meta property=\"og:title\" content=\"Privacy Policy - Travel Smart Campaign\" \/>\n<meta property=\"og:description\" content=\"Privacy Policy The Travel Smart Campaign is hosted by Transport &amp; Environment. By signing up to receive communications from the Travel Smart Campaign, you consent to the Travel Smart Campaign and Transport &amp; Environment storing and controlling your personal data, in line with the policy below. The non-for-profit Transport &amp; Environment organization (EUROPEAN FEDERATION FOR [&hellip;]\" \/>\n<meta property=\"og:url\" content=\"https:\/\/travelsmartcampaign.org\/de\/datenschutz-bestimmungen\/\" \/>\n<meta property=\"og:site_name\" content=\"Travel Smart Campaign\" \/>\n<meta property=\"article:modified_time\" content=\"2022-05-03T17:01:30+00:00\" \/>\n<meta name=\"twitter:card\" content=\"summary_large_image\" \/>\n<meta name=\"twitter:label1\" content=\"Gesch\u00e4tzte Lesezeit\" \/>\n\t<meta name=\"twitter:data1\" content=\"5\u00a0Minuten\" \/>\n<script type=\"application\/ld+json\" class=\"yoast-schema-graph\">{\"@context\":\"https:\\\/\\\/schema.org\",\"@graph\":[{\"@type\":\"WebPage\",\"@id\":\"https:\\\/\\\/travelsmartcampaign.org\\\/privacy-policy\\\/\",\"url\":\"https:\\\/\\\/travelsmartcampaign.org\\\/privacy-policy\\\/\",\"name\":\"Privacy Policy - Travel Smart Campaign\",\"isPartOf\":{\"@id\":\"https:\\\/\\\/travelsmartcampaign.org\\\/#website\"},\"datePublished\":\"2022-04-19T23:23:39+00:00\",\"dateModified\":\"2022-05-03T17:01:30+00:00\",\"breadcrumb\":{\"@id\":\"https:\\\/\\\/travelsmartcampaign.org\\\/privacy-policy\\\/#breadcrumb\"},\"inLanguage\":\"de\",\"potentialAction\":[{\"@type\":\"ReadAction\",\"target\":[\"https:\\\/\\\/travelsmartcampaign.org\\\/privacy-policy\\\/\"]}]},{\"@type\":\"BreadcrumbList\",\"@id\":\"https:\\\/\\\/travelsmartcampaign.org\\\/privacy-policy\\\/#breadcrumb\",\"itemListElement\":[{\"@type\":\"ListItem\",\"position\":1,\"name\":\"Home\",\"item\":\"https:\\\/\\\/travelsmartcampaign.org\\\/\"},{\"@type\":\"ListItem\",\"position\":2,\"name\":\"Privacy Policy\"}]},{\"@type\":\"WebSite\",\"@id\":\"https:\\\/\\\/travelsmartcampaign.org\\\/#website\",\"url\":\"https:\\\/\\\/travelsmartcampaign.org\\\/\",\"name\":\"Travel Smart\",\"description\":\"\",\"publisher\":{\"@id\":\"https:\\\/\\\/travelsmartcampaign.org\\\/#organization\"},\"potentialAction\":[{\"@type\":\"SearchAction\",\"target\":{\"@type\":\"EntryPoint\",\"urlTemplate\":\"https:\\\/\\\/travelsmartcampaign.org\\\/?s={search_term_string}\"},\"query-input\":{\"@type\":\"PropertyValueSpecification\",\"valueRequired\":true,\"valueName\":\"search_term_string\"}}],\"inLanguage\":\"de\"},{\"@type\":\"Organization\",\"@id\":\"https:\\\/\\\/travelsmartcampaign.org\\\/#organization\",\"name\":\"Travel Smart\",\"url\":\"https:\\\/\\\/travelsmartcampaign.org\\\/\",\"logo\":{\"@type\":\"ImageObject\",\"inLanguage\":\"de\",\"@id\":\"https:\\\/\\\/travelsmartcampaign.org\\\/#\\\/schema\\\/logo\\\/image\\\/\",\"url\":\"https:\\\/\\\/travelsmartcampaign.org\\\/wp-content\\\/uploads\\\/travel-smart-min.jpeg\",\"contentUrl\":\"https:\\\/\\\/travelsmartcampaign.org\\\/wp-content\\\/uploads\\\/travel-smart-min.jpeg\",\"width\":1200,\"height\":690,\"caption\":\"Travel Smart\"},\"image\":{\"@id\":\"https:\\\/\\\/travelsmartcampaign.org\\\/#\\\/schema\\\/logo\\\/image\\\/\"}}]}<\/script>\n<!-- \/ Yoast SEO plugin. -->","yoast_head_json":{"title":"Datenschutzerkl\u00e4rung \u2013 Travel Smart-Kampagne","robots":{"index":"index","follow":"follow","max-snippet":"max-snippet:-1","max-image-preview":"max-image-preview:large","max-video-preview":"max-video-preview:-1"},"canonical":"https:\/\/travelsmartcampaign.org\/de\/datenschutz-bestimmungen\/","og_locale":"de_DE","og_type":"article","og_title":"Privacy Policy - Travel Smart Campaign","og_description":"Privacy Policy The Travel Smart Campaign is hosted by Transport &amp; Environment. By signing up to receive communications from the Travel Smart Campaign, you consent to the Travel Smart Campaign and Transport &amp; Environment storing and controlling your personal data, in line with the policy below. The non-for-profit Transport &amp; Environment organization (EUROPEAN FEDERATION FOR [&hellip;]","og_url":"https:\/\/travelsmartcampaign.org\/de\/datenschutz-bestimmungen\/","og_site_name":"Travel Smart Campaign","article_modified_time":"2022-05-03T17:01:30+00:00","twitter_card":"summary_large_image","twitter_misc":{"Gesch\u00e4tzte Lesezeit":"5\u00a0Minuten"},"schema":{"@context":"https:\/\/schema.org","@graph":[{"@type":"WebPage","@id":"https:\/\/travelsmartcampaign.org\/privacy-policy\/","url":"https:\/\/travelsmartcampaign.org\/privacy-policy\/","name":"Datenschutzerkl\u00e4rung \u2013 Travel Smart-Kampagne","isPartOf":{"@id":"https:\/\/travelsmartcampaign.org\/#website"},"datePublished":"2022-04-19T23:23:39+00:00","dateModified":"2022-05-03T17:01:30+00:00","breadcrumb":{"@id":"https:\/\/travelsmartcampaign.org\/privacy-policy\/#breadcrumb"},"inLanguage":"de","potentialAction":[{"@type":"ReadAction","target":["https:\/\/travelsmartcampaign.org\/privacy-policy\/"]}]},{"@type":"BreadcrumbList","@id":"https:\/\/travelsmartcampaign.org\/privacy-policy\/#breadcrumb","itemListElement":[{"@type":"ListItem","position":1,"name":"Home","item":"https:\/\/travelsmartcampaign.org\/"},{"@type":"ListItem","position":2,"name":"Privacy Policy"}]},{"@type":"WebSite","@id":"https:\/\/travelsmartcampaign.org\/#website","url":"https:\/\/travelsmartcampaign.org\/","name":"Travel Smart","description":"","publisher":{"@id":"https:\/\/travelsmartcampaign.org\/#organization"},"potentialAction":[{"@type":"SearchAction","target":{"@type":"EntryPoint","urlTemplate":"https:\/\/travelsmartcampaign.org\/?s={search_term_string}"},"query-input":{"@type":"PropertyValueSpecification","valueRequired":true,"valueName":"search_term_string"}}],"inLanguage":"de"},{"@type":"Organization","@id":"https:\/\/travelsmartcampaign.org\/#organization","name":"Travel Smart","url":"https:\/\/travelsmartcampaign.org\/","logo":{"@type":"ImageObject","inLanguage":"de","@id":"https:\/\/travelsmartcampaign.org\/#\/schema\/logo\/image\/","url":"https:\/\/travelsmartcampaign.org\/wp-content\/uploads\/travel-smart-min.jpeg","contentUrl":"https:\/\/travelsmartcampaign.org\/wp-content\/uploads\/travel-smart-min.jpeg","width":1200,"height":690,"caption":"Travel Smart"},"image":{"@id":"https:\/\/travelsmartcampaign.org\/#\/schema\/logo\/image\/"}}]}},"_links":{"self":[{"href":"https:\/\/travelsmartcampaign.org\/de\/wp-json\/wp\/v2\/pages\/3","targetHints":{"allow":["GET"]}}],"collection":[{"href":"https:\/\/travelsmartcampaign.org\/de\/wp-json\/wp\/v2\/pages"}],"about":[{"href":"https:\/\/travelsmartcampaign.org\/de\/wp-json\/wp\/v2\/types\/page"}],"author":[{"embeddable":true,"href":"https:\/\/travelsmartcampaign.org\/de\/wp-json\/wp\/v2\/users\/1"}],"replies":[{"embeddable":true,"href":"https:\/\/travelsmartcampaign.org\/de\/wp-json\/wp\/v2\/comments?post=3"}],"version-history":[{"count":0,"href":"https:\/\/travelsmartcampaign.org\/de\/wp-json\/wp\/v2\/pages\/3\/revisions"}],"wp:attachment":[{"href":"https:\/\/travelsmartcampaign.org\/de\/wp-json\/wp\/v2\/media?parent=3"}],"curies":[{"name":"wp","href":"https:\/\/api.w.org\/{rel}","templated":true}]}}