{"id":3,"date":"2022-04-19T23:23:39","date_gmt":"2022-04-19T23:23:39","guid":{"rendered":"http:\/\/travelsmartcampaign.org\/?page_id=3"},"modified":"2022-05-03T17:01:30","modified_gmt":"2022-05-03T17:01:30","slug":"politica-de-privacidad","status":"publish","type":"page","link":"https:\/\/travelsmartcampaign.org\/es\/privacy-policy\/","title":{"rendered":"Pol\u00edtica de privacidad"},"content":{"rendered":"<div data-elementor-type=\"wp-page\" data-elementor-id=\"3\" class=\"elementor elementor-3\" data-elementor-post-type=\"page\">\n\t\t\t\t\t\t<section class=\"elementor-section elementor-top-section elementor-element elementor-element-1b5ad17c elementor-section-boxed elementor-section-height-default elementor-section-height-default\" data-id=\"1b5ad17c\" data-element_type=\"section\" data-e-type=\"section\" data-settings=\"{&quot;jet_parallax_layout_list&quot;:[]}\">\n\t\t\t\t\t\t<div class=\"elementor-container elementor-column-gap-default\">\n\t\t\t\t\t<div class=\"elementor-column elementor-col-100 elementor-top-column elementor-element elementor-element-4047b312\" data-id=\"4047b312\" data-element_type=\"column\" data-e-type=\"column\">\n\t\t\t<div class=\"elementor-widget-wrap elementor-element-populated\">\n\t\t\t\t\t\t<div class=\"elementor-element elementor-element-bedd277 elementor-widget elementor-widget-heading\" data-id=\"bedd277\" data-element_type=\"widget\" data-e-type=\"widget\" data-widget_type=\"heading.default\">\n\t\t\t\t\t<h1 class=\"elementor-heading-title elementor-size-default\">Pol\u00edtica de privacidad<\/h1>\t\t\t\t<\/div>\n\t\t\t\t<div class=\"elementor-element elementor-element-03dc423 elementor-widget elementor-widget-text-editor\" data-id=\"03dc423\" data-element_type=\"widget\" data-e-type=\"widget\" data-widget_type=\"text-editor.default\">\n\t\t\t\t\t\t\t\t\t<p>La campa\u00f1a Travel Smart est\u00e1 organizada por <a href=\"https:\/\/www.transportenvironment.org\/\" target=\"_blank\" rel=\"noreferrer noopener\">Transport &amp; Environment<\/a>. Al registrarse para recibir comunicaciones de la Campa\u00f1a Travel Smart, usted acepta que la Campa\u00f1a Travel Smart y Transport &amp; Environment almacenen y controlen sus datos personales, de acuerdo con la pol\u00edtica a continuaci\u00f3n.<\/p>\t\t\t\t\t\t\t\t<\/div>\n\t\t\t\t<div class=\"elementor-element elementor-element-06fe9ed elementor-widget-divider--view-line elementor-widget elementor-widget-divider\" data-id=\"06fe9ed\" data-element_type=\"widget\" data-e-type=\"widget\" data-widget_type=\"divider.default\">\n\t\t\t\t\t\t\t<div class=\"elementor-divider\">\n\t\t\t<span class=\"elementor-divider-separator\">\n\t\t\t\t\t\t<\/span>\n\t\t<\/div>\n\t\t\t\t\t\t<\/div>\n\t\t\t\t<div class=\"elementor-element elementor-element-362222b8 elementor-widget elementor-widget-text-editor\" data-id=\"362222b8\" data-element_type=\"widget\" data-e-type=\"widget\" data-widget_type=\"text-editor.default\">\n\t\t\t\t\t\t\t\t\t\n<p class=\"intro\">La organizaci\u00f3n sin \u00e1nimo de lucro Transport &amp; Environment (FEDERACI\u00d3N EUROPEA PARA EL TRANSPORTE Y EL MEDIO AMBIENTE AISBL \u2013 n\u00famero de asociaci\u00f3n 44.3.549.326), en forma abreviada T&amp;E, concede gran importancia al respeto del derecho a la privacidad de los datos personales que almacena.<br \/>Puede ponerse en contacto con T&amp;E en:<br \/>Plaza de Meeus, 18<br \/>1050 Bruselas<br \/><a href=\"mailto:info@transportenvironment.org\">info@transportenvironment.org<\/a><\/p>\n<p><b>\u00bfQui\u00e9nes son las personas afectadas por esta declaraci\u00f3n?<\/b><br \/>T&amp;E es el controlador de los datos personales de sus miembros o los representantes de sus miembros, de sus contratistas o proveedores, de los datos personales de los solicitantes de empleo, de los datos personales recopilados en este sitio web, durante los intercambios de correos electr\u00f3nicos o en el campo ( como tarjetas de presentaci\u00f3n, informaci\u00f3n de contacto disponible p\u00fablicamente en sitios web, informaci\u00f3n personal recopilada durante eventos, en las peticiones que implementamos, datos personales de los periodistas que participan activamente en el campo ambiental, etc.). Recopilamos y almacenamos sus datos porque se encuentra en una de esas categor\u00edas. P\u00f3ngase en contacto con nosotros si no es el caso.<\/p>\n<p><b>\u00bfQu\u00e9 significa \u201cdatos personales\u201d?<\/b><br \/>Datos personales significa cualquier informaci\u00f3n relativa a una persona f\u00edsica identificada o identificable; una persona identificable es aquella que puede ser identificada, directa o indirectamente, en particular por referencia a un correo electr\u00f3nico.<\/p>\n<p>En principio, el acceso a la informaci\u00f3n disponible en oa trav\u00e9s de este sitio web no requiere el suministro de ning\u00fan dato personal por parte del usuario. Sin embargo, para utilizar ciertos servicios en l\u00ednea, como contactarnos a trav\u00e9s de nuestro formulario de contacto o suscribirse a nuestro bolet\u00edn (llamado Bolet\u00edn), lista de contactos de medios y alertas por correo electr\u00f3nico, es posible que se le solicite que nos proporcione datos personales como su nombre , apellido, raz\u00f3n social y direcci\u00f3n de correo electr\u00f3nico.<\/p>\n<p><b>\u00bfPor qu\u00e9 recopilamos y almacenamos datos personales?<\/b><br \/>T&amp;E procesa sus datos personales en funci\u00f3n de su inter\u00e9s leg\u00edtimo para crear conciencia sobre asuntos ambientales o para ejecutar un contrato como el contrato de asociaci\u00f3n o el contrato que acepta cuando solicita recibir un servicio de nosotros. T&amp;E recopila y almacena solo los datos personales necesarios para comunicarse sobre su trabajo, por ejemplo, a trav\u00e9s de boletines mensuales, alertas por correo electr\u00f3nico y peticiones en l\u00ednea, comunicarse con contratistas y socios, o trabajar con sus empleados. Los datos personales no se utilizan por ning\u00fan otro motivo y nunca con fines comerciales. Por tanto, T&amp;E conservar\u00e1 los datos personales durante el menor tiempo posible de acuerdo con las finalidades perseguidas. Por ejemplo, si recibimos CV para una oportunidad de trabajo, los eliminaremos inmediatamente despu\u00e9s de encontrar a alguien, a menos que los candidatos nos pidan que conservemos su CV. En otros casos, eliminaremos sus datos personales en principio tres a\u00f1os despu\u00e9s de su \u00faltimo contacto con nosotros.<\/p>\n<p>T&amp;E no usar\u00e1, compartir\u00e1, alquilar\u00e1 ni vender\u00e1 su informaci\u00f3n con nadie, excepto con fines de auditor\u00eda, en los que podemos mostrar listas de asistentes obtenidas en eventos a donantes con el \u00fanico prop\u00f3sito de verificar que se llevaron a cabo eventos financiados. En relaci\u00f3n con los contactos con los medios, T&amp;E mantiene una lista de contactos con los medios que se comparte con la ONG ambientalista EEB (n\u00famero de asociaci\u00f3n 415.814.848).<\/p>\n<p>No recopilamos a sabiendas informaci\u00f3n personal identificable de ni\u00f1os menores de 16 a\u00f1os. En caso de que descubramos que un ni\u00f1o menor de 16 a\u00f1os nos ha proporcionado informaci\u00f3n personal, la eliminamos inmediatamente de nuestros servidores. Si es padre o tutor y sabe que su hijo nos ha proporcionado informaci\u00f3n personal, comun\u00edquese con nosotros a info@transportenvironment.org para que podamos tomar las medidas necesarias.<\/p>\n<p><b>\u00bfD\u00f3nde almacenamos datos personales y transferimos sus datos a terceros?<\/b><br \/>No se almacenan ni transfieren datos fuera de Europa, excepto en el caso de que utilicemos un procesador de datos contratado que opere bajo el marco del Escudo de privacidad UE-EE. UU. o UE-Suiza. T&amp;E puede emplear empresas de terceros y aut\u00f3nomos para recopilar y almacenar datos personales. Estos proveedores de servicios incluyen Google, MailChimp, Eventbrite, Campaignion! y Microsoft. Solo elegimos empresas de terceros y aut\u00f3nomos que cumplen con el RGPD.<\/p>\n<p><b>\u00bfLos datos personales est\u00e1n seguros con nosotros?<\/b><br \/>Tomamos precauciones para proteger su informaci\u00f3n tanto en l\u00ednea como fuera de l\u00ednea. Solo los empleados que necesitan la informaci\u00f3n para realizar acciones espec\u00edficas tienen acceso a la informaci\u00f3n de identificaci\u00f3n personal. Las computadoras\/servidores en los que almacenamos informaci\u00f3n de identificaci\u00f3n personal est\u00e1n protegidas y se mantienen en un entorno seguro.<\/p>\n<p><b>\u00bfQu\u00e9 derechos puedes ejercer?<\/b><br \/>Puede acceder a su informaci\u00f3n personal poni\u00e9ndose en contacto con T&amp;E en info@transportenvironment.org. Puede solicitarnos que transfiramos sus datos personales a otra asociaci\u00f3n (es su derecho a la portabilidad de datos, pero solo si el procesamiento de sus datos se basa en un contrato); corregir o completar sus datos personales; para darte de baja de nuestros correos electr\u00f3nicos; para limitar nuestro acceso a sus datos o eliminar sus datos personales de nuestra base de datos.<\/p>\n<p><b>\u00bfTenemos cookies en nuestro sitio web?<\/b><br \/>T&amp;E tambi\u00e9n recopila y almacena cookies, un peque\u00f1o archivo de texto que un sitio web guarda en su computadora o dispositivo m\u00f3vil cuando visita el sitio. Permite que el sitio web recuerde sus acciones y preferencias durante un per\u00edodo de tiempo, por lo que no tiene que volver a especificarlas cada vez que regresa al sitio o navega de una p\u00e1gina a otra. T&amp;E utiliza estas cookies para mejorar la experiencia de los usuarios en su sitio web, por ejemplo, a trav\u00e9s de Google Analytics.<\/p>\n<p><b>Actualizar<\/b><br \/>Esta pol\u00edtica se actualiza peri\u00f3dicamente. La \u00faltima versi\u00f3n est\u00e1 disponible en esta p\u00e1gina y se public\u00f3 el 25 de mayo de 2018. Le recomendamos que revise esta p\u00e1gina peri\u00f3dicamente para ver si hay cambios. Estos cambios entran en vigencia inmediatamente despu\u00e9s de que se publiquen en esta p\u00e1gina.<\/p>\n<p>Si le preocupa que no hayamos cumplido con sus derechos legales o las leyes de privacidad aplicables, puede comunicarse con la DPA (Autoridad de Protecci\u00f3n de Datos) de B\u00e9lgica: https:\/\/www.dataprotectionauthority.be\/. Alternativamente, si se encuentra fuera de B\u00e9lgica, puede comunicarse con su autoridad local de protecci\u00f3n de datos.<\/p>\n\t\t\t\t\t\t\t\t<\/div>\n\t\t\t\t\t<\/div>\n\t\t<\/div>\n\t\t\t\t\t<\/div>\n\t\t<\/section>\n\t\t\t\t<\/div>","protected":false},"excerpt":{"rendered":"<p>Privacy Policy The Travel Smart Campaign is hosted by Transport &amp; Environment. By signing up to receive communications from the Travel Smart Campaign, you consent to the Travel Smart Campaign and Transport &amp; Environment storing and controlling your personal data, in line with the policy below. The non-for-profit Transport &amp; Environment organization (EUROPEAN FEDERATION FOR [&hellip;]<\/p>\n","protected":false},"author":1,"featured_media":0,"parent":0,"menu_order":0,"comment_status":"closed","ping_status":"closed","template":"","meta":{"footnotes":""},"class_list":["post-3","page","type-page","status-publish","hentry"],"yoast_head":"<!-- This site is optimized with the Yoast SEO plugin v27.3 - https:\/\/yoast.com\/product\/yoast-seo-wordpress\/ -->\n<title>Privacy Policy - Travel Smart Campaign<\/title>\n<meta name=\"robots\" content=\"index, follow, max-snippet:-1, max-image-preview:large, max-video-preview:-1\" \/>\n<link rel=\"canonical\" href=\"https:\/\/travelsmartcampaign.org\/es\/politica-de-privacidad\/\" \/>\n<meta property=\"og:locale\" content=\"es_ES\" \/>\n<meta property=\"og:type\" content=\"article\" \/>\n<meta property=\"og:title\" content=\"Privacy Policy - Travel Smart Campaign\" \/>\n<meta property=\"og:description\" content=\"Privacy Policy The Travel Smart Campaign is hosted by Transport &amp; Environment. By signing up to receive communications from the Travel Smart Campaign, you consent to the Travel Smart Campaign and Transport &amp; Environment storing and controlling your personal data, in line with the policy below. The non-for-profit Transport &amp; Environment organization (EUROPEAN FEDERATION FOR [&hellip;]\" \/>\n<meta property=\"og:url\" content=\"https:\/\/travelsmartcampaign.org\/es\/politica-de-privacidad\/\" \/>\n<meta property=\"og:site_name\" content=\"Travel Smart Campaign\" \/>\n<meta property=\"article:modified_time\" content=\"2022-05-03T17:01:30+00:00\" \/>\n<meta name=\"twitter:card\" content=\"summary_large_image\" \/>\n<meta name=\"twitter:label1\" content=\"Tiempo de lectura\" \/>\n\t<meta name=\"twitter:data1\" content=\"5 minutos\" \/>\n<script type=\"application\/ld+json\" class=\"yoast-schema-graph\">{\"@context\":\"https:\\\/\\\/schema.org\",\"@graph\":[{\"@type\":\"WebPage\",\"@id\":\"https:\\\/\\\/travelsmartcampaign.org\\\/privacy-policy\\\/\",\"url\":\"https:\\\/\\\/travelsmartcampaign.org\\\/privacy-policy\\\/\",\"name\":\"Privacy Policy - Travel Smart Campaign\",\"isPartOf\":{\"@id\":\"https:\\\/\\\/travelsmartcampaign.org\\\/#website\"},\"datePublished\":\"2022-04-19T23:23:39+00:00\",\"dateModified\":\"2022-05-03T17:01:30+00:00\",\"breadcrumb\":{\"@id\":\"https:\\\/\\\/travelsmartcampaign.org\\\/privacy-policy\\\/#breadcrumb\"},\"inLanguage\":\"es\",\"potentialAction\":[{\"@type\":\"ReadAction\",\"target\":[\"https:\\\/\\\/travelsmartcampaign.org\\\/privacy-policy\\\/\"]}]},{\"@type\":\"BreadcrumbList\",\"@id\":\"https:\\\/\\\/travelsmartcampaign.org\\\/privacy-policy\\\/#breadcrumb\",\"itemListElement\":[{\"@type\":\"ListItem\",\"position\":1,\"name\":\"Home\",\"item\":\"https:\\\/\\\/travelsmartcampaign.org\\\/\"},{\"@type\":\"ListItem\",\"position\":2,\"name\":\"Privacy Policy\"}]},{\"@type\":\"WebSite\",\"@id\":\"https:\\\/\\\/travelsmartcampaign.org\\\/#website\",\"url\":\"https:\\\/\\\/travelsmartcampaign.org\\\/\",\"name\":\"Travel Smart\",\"description\":\"\",\"publisher\":{\"@id\":\"https:\\\/\\\/travelsmartcampaign.org\\\/#organization\"},\"potentialAction\":[{\"@type\":\"SearchAction\",\"target\":{\"@type\":\"EntryPoint\",\"urlTemplate\":\"https:\\\/\\\/travelsmartcampaign.org\\\/?s={search_term_string}\"},\"query-input\":{\"@type\":\"PropertyValueSpecification\",\"valueRequired\":true,\"valueName\":\"search_term_string\"}}],\"inLanguage\":\"es\"},{\"@type\":\"Organization\",\"@id\":\"https:\\\/\\\/travelsmartcampaign.org\\\/#organization\",\"name\":\"Travel Smart\",\"url\":\"https:\\\/\\\/travelsmartcampaign.org\\\/\",\"logo\":{\"@type\":\"ImageObject\",\"inLanguage\":\"es\",\"@id\":\"https:\\\/\\\/travelsmartcampaign.org\\\/#\\\/schema\\\/logo\\\/image\\\/\",\"url\":\"https:\\\/\\\/travelsmartcampaign.org\\\/wp-content\\\/uploads\\\/travel-smart-min.jpeg\",\"contentUrl\":\"https:\\\/\\\/travelsmartcampaign.org\\\/wp-content\\\/uploads\\\/travel-smart-min.jpeg\",\"width\":1200,\"height\":690,\"caption\":\"Travel Smart\"},\"image\":{\"@id\":\"https:\\\/\\\/travelsmartcampaign.org\\\/#\\\/schema\\\/logo\\\/image\\\/\"}}]}<\/script>\n<!-- \/ Yoast SEO plugin. -->","yoast_head_json":{"title":"Pol\u00edtica de privacidad - Campa\u00f1a Travel Smart","robots":{"index":"index","follow":"follow","max-snippet":"max-snippet:-1","max-image-preview":"max-image-preview:large","max-video-preview":"max-video-preview:-1"},"canonical":"https:\/\/travelsmartcampaign.org\/es\/politica-de-privacidad\/","og_locale":"es_ES","og_type":"article","og_title":"Privacy Policy - Travel Smart Campaign","og_description":"Privacy Policy The Travel Smart Campaign is hosted by Transport &amp; Environment. By signing up to receive communications from the Travel Smart Campaign, you consent to the Travel Smart Campaign and Transport &amp; Environment storing and controlling your personal data, in line with the policy below. The non-for-profit Transport &amp; Environment organization (EUROPEAN FEDERATION FOR [&hellip;]","og_url":"https:\/\/travelsmartcampaign.org\/es\/politica-de-privacidad\/","og_site_name":"Travel Smart Campaign","article_modified_time":"2022-05-03T17:01:30+00:00","twitter_card":"summary_large_image","twitter_misc":{"Tiempo de lectura":"5 minutos"},"schema":{"@context":"https:\/\/schema.org","@graph":[{"@type":"WebPage","@id":"https:\/\/travelsmartcampaign.org\/privacy-policy\/","url":"https:\/\/travelsmartcampaign.org\/privacy-policy\/","name":"Pol\u00edtica de privacidad - Campa\u00f1a Travel Smart","isPartOf":{"@id":"https:\/\/travelsmartcampaign.org\/#website"},"datePublished":"2022-04-19T23:23:39+00:00","dateModified":"2022-05-03T17:01:30+00:00","breadcrumb":{"@id":"https:\/\/travelsmartcampaign.org\/privacy-policy\/#breadcrumb"},"inLanguage":"es","potentialAction":[{"@type":"ReadAction","target":["https:\/\/travelsmartcampaign.org\/privacy-policy\/"]}]},{"@type":"BreadcrumbList","@id":"https:\/\/travelsmartcampaign.org\/privacy-policy\/#breadcrumb","itemListElement":[{"@type":"ListItem","position":1,"name":"Home","item":"https:\/\/travelsmartcampaign.org\/"},{"@type":"ListItem","position":2,"name":"Privacy Policy"}]},{"@type":"WebSite","@id":"https:\/\/travelsmartcampaign.org\/#website","url":"https:\/\/travelsmartcampaign.org\/","name":"Travel Smart","description":"","publisher":{"@id":"https:\/\/travelsmartcampaign.org\/#organization"},"potentialAction":[{"@type":"SearchAction","target":{"@type":"EntryPoint","urlTemplate":"https:\/\/travelsmartcampaign.org\/?s={search_term_string}"},"query-input":{"@type":"PropertyValueSpecification","valueRequired":true,"valueName":"search_term_string"}}],"inLanguage":"es"},{"@type":"Organization","@id":"https:\/\/travelsmartcampaign.org\/#organization","name":"Travel Smart","url":"https:\/\/travelsmartcampaign.org\/","logo":{"@type":"ImageObject","inLanguage":"es","@id":"https:\/\/travelsmartcampaign.org\/#\/schema\/logo\/image\/","url":"https:\/\/travelsmartcampaign.org\/wp-content\/uploads\/travel-smart-min.jpeg","contentUrl":"https:\/\/travelsmartcampaign.org\/wp-content\/uploads\/travel-smart-min.jpeg","width":1200,"height":690,"caption":"Travel Smart"},"image":{"@id":"https:\/\/travelsmartcampaign.org\/#\/schema\/logo\/image\/"}}]}},"_links":{"self":[{"href":"https:\/\/travelsmartcampaign.org\/es\/wp-json\/wp\/v2\/pages\/3","targetHints":{"allow":["GET"]}}],"collection":[{"href":"https:\/\/travelsmartcampaign.org\/es\/wp-json\/wp\/v2\/pages"}],"about":[{"href":"https:\/\/travelsmartcampaign.org\/es\/wp-json\/wp\/v2\/types\/page"}],"author":[{"embeddable":true,"href":"https:\/\/travelsmartcampaign.org\/es\/wp-json\/wp\/v2\/users\/1"}],"replies":[{"embeddable":true,"href":"https:\/\/travelsmartcampaign.org\/es\/wp-json\/wp\/v2\/comments?post=3"}],"version-history":[{"count":0,"href":"https:\/\/travelsmartcampaign.org\/es\/wp-json\/wp\/v2\/pages\/3\/revisions"}],"wp:attachment":[{"href":"https:\/\/travelsmartcampaign.org\/es\/wp-json\/wp\/v2\/media?parent=3"}],"curies":[{"name":"wp","href":"https:\/\/api.w.org\/{rel}","templated":true}]}}