{"id":3,"date":"2022-04-19T23:23:39","date_gmt":"2022-04-19T23:23:39","guid":{"rendered":"http:\/\/travelsmartcampaign.org\/?page_id=3"},"modified":"2022-05-03T17:01:30","modified_gmt":"2022-05-03T17:01:30","slug":"politique-de-confidentialite","status":"publish","type":"page","link":"https:\/\/travelsmartcampaign.org\/fr\/privacy-policy\/","title":{"rendered":"Politique de confidentialit\u00e9"},"content":{"rendered":"<div data-elementor-type=\"wp-page\" data-elementor-id=\"3\" class=\"elementor elementor-3\" data-elementor-post-type=\"page\">\n\t\t\t\t\t\t<section class=\"elementor-section elementor-top-section elementor-element elementor-element-1b5ad17c elementor-section-boxed elementor-section-height-default elementor-section-height-default\" data-id=\"1b5ad17c\" data-element_type=\"section\" data-e-type=\"section\" data-settings=\"{&quot;jet_parallax_layout_list&quot;:[]}\">\n\t\t\t\t\t\t<div class=\"elementor-container elementor-column-gap-default\">\n\t\t\t\t\t<div class=\"elementor-column elementor-col-100 elementor-top-column elementor-element elementor-element-4047b312\" data-id=\"4047b312\" data-element_type=\"column\" data-e-type=\"column\">\n\t\t\t<div class=\"elementor-widget-wrap elementor-element-populated\">\n\t\t\t\t\t\t<div class=\"elementor-element elementor-element-bedd277 elementor-widget elementor-widget-heading\" data-id=\"bedd277\" data-element_type=\"widget\" data-e-type=\"widget\" data-widget_type=\"heading.default\">\n\t\t\t\t\t<h1 class=\"elementor-heading-title elementor-size-default\">Politique de confidentialit\u00e9<\/h1>\t\t\t\t<\/div>\n\t\t\t\t<div class=\"elementor-element elementor-element-03dc423 elementor-widget elementor-widget-text-editor\" data-id=\"03dc423\" data-element_type=\"widget\" data-e-type=\"widget\" data-widget_type=\"text-editor.default\">\n\t\t\t\t\t\t\t\t\t<p>La campagne Travel Smart est h\u00e9berg\u00e9e par <a href=\"https:\/\/www.transportenvironment.org\/\" target=\"_blank\" rel=\"noreferrer noopener\">Transport &amp; Environment<\/a>. En vous inscrivant pour recevoir les communications de la Campagne Travel Smart, vous consentez \u00e0 ce que la Campagne Travel Smart et Transport &amp; Environment stockent et contr\u00f4lent vos donn\u00e9es personnelles, conform\u00e9ment \u00e0 la politique ci-dessous.<\/p>\t\t\t\t\t\t\t\t<\/div>\n\t\t\t\t<div class=\"elementor-element elementor-element-06fe9ed elementor-widget-divider--view-line elementor-widget elementor-widget-divider\" data-id=\"06fe9ed\" data-element_type=\"widget\" data-e-type=\"widget\" data-widget_type=\"divider.default\">\n\t\t\t\t\t\t\t<div class=\"elementor-divider\">\n\t\t\t<span class=\"elementor-divider-separator\">\n\t\t\t\t\t\t<\/span>\n\t\t<\/div>\n\t\t\t\t\t\t<\/div>\n\t\t\t\t<div class=\"elementor-element elementor-element-362222b8 elementor-widget elementor-widget-text-editor\" data-id=\"362222b8\" data-element_type=\"widget\" data-e-type=\"widget\" data-widget_type=\"text-editor.default\">\n\t\t\t\t\t\t\t\t\t\n<p class=\"intro\">L&#039;association \u00e0 but non lucratif Transport &amp; Environment (F\u00c9D\u00c9RATION EUROP\u00c9ENNE DES TRANSPORTS ET DE L&#039;ENVIRONNEMENT AISBL \u2013 num\u00e9ro d&#039;association 44.3.549.326), en abr\u00e9g\u00e9 T&amp;E, attache une grande importance au respect du droit \u00e0 la confidentialit\u00e9 des donn\u00e9es personnelles qu&#039;elle stocke.<br \/>Vous pouvez contacter T&amp;E au :<br \/>Square de Meeus, 18<br \/>1050 Bruxelles<br \/><a href=\"mailto:info@transportenvironment.org\">info@transportenvironment.org<\/a><\/p>\n<p><b>Qui sont les personnes concern\u00e9es par cette d\u00e9claration ?<\/b><br \/>T&amp;E est le responsable du traitement des donn\u00e9es personnelles de ses membres ou des repr\u00e9sentants de ses membres, de ses sous-traitants ou fournisseurs, des donn\u00e9es personnelles des demandeurs d&#039;emploi, des donn\u00e9es personnelles collect\u00e9es sur ce site, lors d&#039;\u00e9changes de mails ou sur le terrain ( telles que les cartes de visite, les coordonn\u00e9es accessibles au public ea sur les sites Web, les informations personnelles collect\u00e9es lors d&#039;\u00e9v\u00e9nements, dans les p\u00e9titions que nous mettons en \u0153uvre, les donn\u00e9es personnelles des journalistes activement impliqu\u00e9s dans le domaine de l&#039;environnement, etc.). Nous collectons et stockons vos donn\u00e9es parce que vous appartenez \u00e0 l&#039;une de ces cat\u00e9gories. Veuillez nous contacter si ce n&#039;est pas le cas.<\/p>\n<p><b>Que signifie &quot;donn\u00e9es personnelles&quot;\u00a0?<\/b><br \/>Les donn\u00e9es personnelles d\u00e9signent toute information relative \u00e0 une personne physique identifi\u00e9e ou identifiable\u00a0; est r\u00e9put\u00e9e identifiable une personne qui peut \u00eatre identifi\u00e9e, directement ou indirectement, notamment par r\u00e9f\u00e9rence \u00e0 un courrier \u00e9lectronique.<\/p>\n<p>En principe, l&#039;acc\u00e8s aux informations disponibles sur ou via ce site ne n\u00e9cessite pas la fourniture de donn\u00e9es personnelles par l&#039;utilisateur. Toutefois, afin d&#039;utiliser certains services en ligne, comme nous contacter via notre formulaire de contact ou vous abonner \u00e0 notre newsletter (appel\u00e9e Bulletin), liste de contacts m\u00e9dias et alertes e-mail, il peut vous \u00eatre demand\u00e9 de nous fournir des donn\u00e9es personnelles telles que votre pr\u00e9nom. , nom, nom de l&#039;entreprise et adresse e-mail.<\/p>\n<p><b>Pourquoi collectons-nous et stockons-nous des donn\u00e9es personnelles ?<\/b><br \/>T&amp;E traite vos donn\u00e9es personnelles en fonction de son int\u00e9r\u00eat l\u00e9gitime \u00e0 sensibiliser aux questions environnementales ou \u00e0 ex\u00e9cuter un contrat tel que le contrat d&#039;association ou le contrat que vous acceptez lorsque vous demandez \u00e0 recevoir un service de notre part. T&amp;E collecte et stocke uniquement les donn\u00e9es personnelles n\u00e9cessaires pour communiquer sur son travail, par exemple via des newsletters mensuelles, des alertes e-mail et des p\u00e9titions en ligne, communiquer avec des sous-traitants et partenaires, ou travailler avec ses employ\u00e9s. Les donn\u00e9es personnelles ne sont utilis\u00e9es pour aucune autre raison et jamais \u00e0 des fins commerciales. Par cons\u00e9quent, T&amp;E conservera les donn\u00e9es personnelles pendant la dur\u00e9e la plus courte possible conform\u00e9ment aux finalit\u00e9s poursuivies. Par exemple, si nous recevons des CV pour une offre d&#039;emploi, nous supprimerons les CV juste apr\u00e8s avoir trouv\u00e9 quelqu&#039;un, \u00e0 moins que les candidats ne nous demandent de conserver leur CV. Dans les autres cas, nous supprimerons vos donn\u00e9es personnelles en principe trois ans apr\u00e8s votre dernier contact avec nous.<\/p>\n<p>T&amp;E n&#039;utilisera, ne partagera, ne louera ni ne vendra vos informations avec qui que ce soit, sauf \u00e0 des fins d&#039;audit o\u00f9 nous pouvons montrer aux donateurs les listes de participants obtenues lors d&#039;\u00e9v\u00e9nements dans le seul but de v\u00e9rifier que les \u00e9v\u00e9nements financ\u00e9s ont eu lieu. En ce qui concerne les contacts avec les m\u00e9dias, T&amp;E maintient une liste de contacts avec les m\u00e9dias qui est partag\u00e9e avec l&#039;ONG environnementale EEB (num\u00e9ro d&#039;association 415.814.848).<\/p>\n<p>Nous ne collectons pas sciemment des informations personnelles identifiables d&#039;enfants de moins de 16 ans. Dans le cas o\u00f9 nous d\u00e9couvrons qu&#039;un enfant de moins de 16 ans nous a fourni des informations personnelles, nous les supprimons imm\u00e9diatement de nos serveurs. Si vous \u00eates un parent ou un tuteur et que vous savez que votre enfant nous a fourni des informations personnelles, veuillez nous contacter \u00e0 info@transportenvironment.org afin que nous puissions prendre les mesures n\u00e9cessaires.<\/p>\n<p><b>O\u00f9 stockons-nous les donn\u00e9es personnelles et transf\u00e9rons-nous vos donn\u00e9es \u00e0 des tiers ?<\/b><br \/>Aucune donn\u00e9e n&#039;est stock\u00e9e ou transf\u00e9r\u00e9e en dehors de l&#039;Europe, sauf dans le cas o\u00f9 nous utilisons un processeur de donn\u00e9es sous contrat op\u00e9rant dans le cadre du bouclier de protection des donn\u00e9es UE-\u00c9tats-Unis ou UE-Suisse. T&amp;E peut faire appel \u00e0 des soci\u00e9t\u00e9s tierces et \u00e0 des ind\u00e9pendants pour collecter et stocker des donn\u00e9es personnelles. Ces fournisseurs de services incluent Google, MailChimp, Eventbrite, Campaignion\u00a0! et Microsoft. Nous ne choisissons que des entreprises tierces et des ind\u00e9pendants conformes au RGPD.<\/p>\n<p><b>Les donn\u00e9es personnelles sont-elles en s\u00e9curit\u00e9 avec nous ?<\/b><br \/>Nous prenons des pr\u00e9cautions pour prot\u00e9ger vos informations en ligne et hors ligne. Seuls les employ\u00e9s qui ont besoin des informations pour effectuer des actions sp\u00e9cifiques ont acc\u00e8s aux informations personnellement identifiables. Les ordinateurs\/serveurs sur lesquels nous stockons des informations personnellement identifiables sont prot\u00e9g\u00e9s et conserv\u00e9s dans un environnement s\u00e9curis\u00e9.<\/p>\n<p><b>Quels droits pouvez-vous exercer ?<\/b><br \/>Vos informations personnelles sont enti\u00e8rement accessibles en contactant T&amp;E \u00e0 info@transportenvironment.org. Vous pouvez nous demander de transf\u00e9rer vos donn\u00e9es personnelles \u00e0 une autre association (c&#039;est votre droit \u00e0 la portabilit\u00e9 des donn\u00e9es mais uniquement si le traitement de vos donn\u00e9es est bas\u00e9 sur un contrat) ; corriger ou compl\u00e9ter vos donn\u00e9es personnelles ; pour vous d\u00e9sabonner de nos e-mails\u00a0; limiter notre acc\u00e8s \u00e0 vos donn\u00e9es ou supprimer vos donn\u00e9es personnelles de notre base de donn\u00e9es.<\/p>\n<p><b>Avons-nous des cookies sur notre site Web ?<\/b><br \/>T&amp;E collecte et stocke \u00e9galement des cookies, un petit fichier texte qu&#039;un site Web enregistre sur votre ordinateur ou appareil mobile lorsque vous visitez le site. Il permet au site Web de se souvenir de vos actions et de vos pr\u00e9f\u00e9rences sur une p\u00e9riode donn\u00e9e, vous n&#039;avez donc pas \u00e0 les red\u00e9finir chaque fois que vous revenez sur le site ou que vous naviguez d&#039;une page \u00e0 l&#039;autre. T&amp;E utilise ces cookies pour am\u00e9liorer l&#039;exp\u00e9rience des utilisateurs sur son site Web, par exemple via Google Analytics.<\/p>\n<p><b>Mise \u00e0 jour<\/b><br \/>Cette politique est mise \u00e0 jour de temps \u00e0 autre. La derni\u00e8re version est disponible sur cette page et a \u00e9t\u00e9 publi\u00e9e le 25 mai 2018. Nous vous conseillons de consulter r\u00e9guli\u00e8rement cette page pour tout changement. Ces modifications entrent en vigueur imm\u00e9diatement apr\u00e8s leur publication sur cette page.<\/p>\n<p>Si vous craignez que nous n&#039;ayons pas respect\u00e9 vos droits l\u00e9gaux ou les lois applicables en mati\u00e8re de confidentialit\u00e9, vous pouvez contacter la DPA belge (Autorit\u00e9 de protection des donn\u00e9es : https:\/\/www.dataprotectionauthority.be\/). Alternativement, si vous \u00eates situ\u00e9 en dehors de la Belgique, vous pouvez contacter votre autorit\u00e9 locale de protection des donn\u00e9es.<\/p>\n\t\t\t\t\t\t\t\t<\/div>\n\t\t\t\t\t<\/div>\n\t\t<\/div>\n\t\t\t\t\t<\/div>\n\t\t<\/section>\n\t\t\t\t<\/div>","protected":false},"excerpt":{"rendered":"<p>Privacy Policy The Travel Smart Campaign is hosted by Transport &amp; Environment. By signing up to receive communications from the Travel Smart Campaign, you consent to the Travel Smart Campaign and Transport &amp; Environment storing and controlling your personal data, in line with the policy below. The non-for-profit Transport &amp; Environment organization (EUROPEAN FEDERATION FOR [&hellip;]<\/p>\n","protected":false},"author":1,"featured_media":0,"parent":0,"menu_order":0,"comment_status":"closed","ping_status":"closed","template":"","meta":{"footnotes":""},"class_list":["post-3","page","type-page","status-publish","hentry"],"yoast_head":"<!-- This site is optimized with the Yoast SEO plugin v27.3 - https:\/\/yoast.com\/product\/yoast-seo-wordpress\/ -->\n<title>Privacy Policy - Travel Smart Campaign<\/title>\n<meta name=\"robots\" content=\"index, follow, max-snippet:-1, max-image-preview:large, max-video-preview:-1\" \/>\n<link rel=\"canonical\" href=\"https:\/\/travelsmartcampaign.org\/fr\/politique-de-confidentialite\/\" \/>\n<meta property=\"og:locale\" content=\"fr_FR\" \/>\n<meta property=\"og:type\" content=\"article\" \/>\n<meta property=\"og:title\" content=\"Privacy Policy - Travel Smart Campaign\" \/>\n<meta property=\"og:description\" content=\"Privacy Policy The Travel Smart Campaign is hosted by Transport &amp; Environment. By signing up to receive communications from the Travel Smart Campaign, you consent to the Travel Smart Campaign and Transport &amp; Environment storing and controlling your personal data, in line with the policy below. The non-for-profit Transport &amp; Environment organization (EUROPEAN FEDERATION FOR [&hellip;]\" \/>\n<meta property=\"og:url\" content=\"https:\/\/travelsmartcampaign.org\/fr\/politique-de-confidentialite\/\" \/>\n<meta property=\"og:site_name\" content=\"Travel Smart Campaign\" \/>\n<meta property=\"article:modified_time\" content=\"2022-05-03T17:01:30+00:00\" \/>\n<meta name=\"twitter:card\" content=\"summary_large_image\" \/>\n<meta name=\"twitter:label1\" content=\"Dur\u00e9e de lecture estim\u00e9e\" \/>\n\t<meta name=\"twitter:data1\" content=\"5 minutes\" \/>\n<script type=\"application\/ld+json\" class=\"yoast-schema-graph\">{\"@context\":\"https:\\\/\\\/schema.org\",\"@graph\":[{\"@type\":\"WebPage\",\"@id\":\"https:\\\/\\\/travelsmartcampaign.org\\\/privacy-policy\\\/\",\"url\":\"https:\\\/\\\/travelsmartcampaign.org\\\/privacy-policy\\\/\",\"name\":\"Privacy Policy - Travel Smart Campaign\",\"isPartOf\":{\"@id\":\"https:\\\/\\\/travelsmartcampaign.org\\\/#website\"},\"datePublished\":\"2022-04-19T23:23:39+00:00\",\"dateModified\":\"2022-05-03T17:01:30+00:00\",\"breadcrumb\":{\"@id\":\"https:\\\/\\\/travelsmartcampaign.org\\\/privacy-policy\\\/#breadcrumb\"},\"inLanguage\":\"fr-FR\",\"potentialAction\":[{\"@type\":\"ReadAction\",\"target\":[\"https:\\\/\\\/travelsmartcampaign.org\\\/privacy-policy\\\/\"]}]},{\"@type\":\"BreadcrumbList\",\"@id\":\"https:\\\/\\\/travelsmartcampaign.org\\\/privacy-policy\\\/#breadcrumb\",\"itemListElement\":[{\"@type\":\"ListItem\",\"position\":1,\"name\":\"Home\",\"item\":\"https:\\\/\\\/travelsmartcampaign.org\\\/\"},{\"@type\":\"ListItem\",\"position\":2,\"name\":\"Privacy Policy\"}]},{\"@type\":\"WebSite\",\"@id\":\"https:\\\/\\\/travelsmartcampaign.org\\\/#website\",\"url\":\"https:\\\/\\\/travelsmartcampaign.org\\\/\",\"name\":\"Travel Smart\",\"description\":\"\",\"publisher\":{\"@id\":\"https:\\\/\\\/travelsmartcampaign.org\\\/#organization\"},\"potentialAction\":[{\"@type\":\"SearchAction\",\"target\":{\"@type\":\"EntryPoint\",\"urlTemplate\":\"https:\\\/\\\/travelsmartcampaign.org\\\/?s={search_term_string}\"},\"query-input\":{\"@type\":\"PropertyValueSpecification\",\"valueRequired\":true,\"valueName\":\"search_term_string\"}}],\"inLanguage\":\"fr-FR\"},{\"@type\":\"Organization\",\"@id\":\"https:\\\/\\\/travelsmartcampaign.org\\\/#organization\",\"name\":\"Travel Smart\",\"url\":\"https:\\\/\\\/travelsmartcampaign.org\\\/\",\"logo\":{\"@type\":\"ImageObject\",\"inLanguage\":\"fr-FR\",\"@id\":\"https:\\\/\\\/travelsmartcampaign.org\\\/#\\\/schema\\\/logo\\\/image\\\/\",\"url\":\"https:\\\/\\\/travelsmartcampaign.org\\\/wp-content\\\/uploads\\\/travel-smart-min.jpeg\",\"contentUrl\":\"https:\\\/\\\/travelsmartcampaign.org\\\/wp-content\\\/uploads\\\/travel-smart-min.jpeg\",\"width\":1200,\"height\":690,\"caption\":\"Travel Smart\"},\"image\":{\"@id\":\"https:\\\/\\\/travelsmartcampaign.org\\\/#\\\/schema\\\/logo\\\/image\\\/\"}}]}<\/script>\n<!-- \/ Yoast SEO plugin. -->","yoast_head_json":{"title":"Politique de confidentialit\u00e9 - Campagne Travel Smart","robots":{"index":"index","follow":"follow","max-snippet":"max-snippet:-1","max-image-preview":"max-image-preview:large","max-video-preview":"max-video-preview:-1"},"canonical":"https:\/\/travelsmartcampaign.org\/fr\/politique-de-confidentialite\/","og_locale":"fr_FR","og_type":"article","og_title":"Privacy Policy - Travel Smart Campaign","og_description":"Privacy Policy The Travel Smart Campaign is hosted by Transport &amp; Environment. By signing up to receive communications from the Travel Smart Campaign, you consent to the Travel Smart Campaign and Transport &amp; Environment storing and controlling your personal data, in line with the policy below. The non-for-profit Transport &amp; Environment organization (EUROPEAN FEDERATION FOR [&hellip;]","og_url":"https:\/\/travelsmartcampaign.org\/fr\/politique-de-confidentialite\/","og_site_name":"Travel Smart Campaign","article_modified_time":"2022-05-03T17:01:30+00:00","twitter_card":"summary_large_image","twitter_misc":{"Dur\u00e9e de lecture estim\u00e9e":"5 minutes"},"schema":{"@context":"https:\/\/schema.org","@graph":[{"@type":"WebPage","@id":"https:\/\/travelsmartcampaign.org\/privacy-policy\/","url":"https:\/\/travelsmartcampaign.org\/privacy-policy\/","name":"Politique de confidentialit\u00e9 - Campagne Travel Smart","isPartOf":{"@id":"https:\/\/travelsmartcampaign.org\/#website"},"datePublished":"2022-04-19T23:23:39+00:00","dateModified":"2022-05-03T17:01:30+00:00","breadcrumb":{"@id":"https:\/\/travelsmartcampaign.org\/privacy-policy\/#breadcrumb"},"inLanguage":"fr-FR","potentialAction":[{"@type":"ReadAction","target":["https:\/\/travelsmartcampaign.org\/privacy-policy\/"]}]},{"@type":"BreadcrumbList","@id":"https:\/\/travelsmartcampaign.org\/privacy-policy\/#breadcrumb","itemListElement":[{"@type":"ListItem","position":1,"name":"Home","item":"https:\/\/travelsmartcampaign.org\/"},{"@type":"ListItem","position":2,"name":"Privacy Policy"}]},{"@type":"WebSite","@id":"https:\/\/travelsmartcampaign.org\/#website","url":"https:\/\/travelsmartcampaign.org\/","name":"Classement","description":"","publisher":{"@id":"https:\/\/travelsmartcampaign.org\/#organization"},"potentialAction":[{"@type":"SearchAction","target":{"@type":"EntryPoint","urlTemplate":"https:\/\/travelsmartcampaign.org\/?s={search_term_string}"},"query-input":{"@type":"PropertyValueSpecification","valueRequired":true,"valueName":"search_term_string"}}],"inLanguage":"fr-FR"},{"@type":"Organization","@id":"https:\/\/travelsmartcampaign.org\/#organization","name":"Classement","url":"https:\/\/travelsmartcampaign.org\/","logo":{"@type":"ImageObject","inLanguage":"fr-FR","@id":"https:\/\/travelsmartcampaign.org\/#\/schema\/logo\/image\/","url":"https:\/\/travelsmartcampaign.org\/wp-content\/uploads\/travel-smart-min.jpeg","contentUrl":"https:\/\/travelsmartcampaign.org\/wp-content\/uploads\/travel-smart-min.jpeg","width":1200,"height":690,"caption":"Travel Smart"},"image":{"@id":"https:\/\/travelsmartcampaign.org\/#\/schema\/logo\/image\/"}}]}},"_links":{"self":[{"href":"https:\/\/travelsmartcampaign.org\/fr\/wp-json\/wp\/v2\/pages\/3","targetHints":{"allow":["GET"]}}],"collection":[{"href":"https:\/\/travelsmartcampaign.org\/fr\/wp-json\/wp\/v2\/pages"}],"about":[{"href":"https:\/\/travelsmartcampaign.org\/fr\/wp-json\/wp\/v2\/types\/page"}],"author":[{"embeddable":true,"href":"https:\/\/travelsmartcampaign.org\/fr\/wp-json\/wp\/v2\/users\/1"}],"replies":[{"embeddable":true,"href":"https:\/\/travelsmartcampaign.org\/fr\/wp-json\/wp\/v2\/comments?post=3"}],"version-history":[{"count":0,"href":"https:\/\/travelsmartcampaign.org\/fr\/wp-json\/wp\/v2\/pages\/3\/revisions"}],"wp:attachment":[{"href":"https:\/\/travelsmartcampaign.org\/fr\/wp-json\/wp\/v2\/media?parent=3"}],"curies":[{"name":"wp","href":"https:\/\/api.w.org\/{rel}","templated":true}]}}