{"id":19749,"date":"2025-12-22T23:42:40","date_gmt":"2025-12-22T22:42:40","guid":{"rendered":"http:\/\/travelsmartcampaign.org\/?page_id=19749"},"modified":"2026-01-07T12:57:19","modified_gmt":"2026-01-07T11:57:19","slug":"uefa-euros-2024-25","status":"publish","type":"page","link":"https:\/\/travelsmartcampaign.org\/pl\/uefa-euros-2024-25\/","title":{"rendered":"Mistrzostwa Europy UEFA 2024\u20132025"},"content":{"rendered":"<div data-elementor-type=\"wp-page\" data-elementor-id=\"19749\" class=\"elementor elementor-19749\" data-elementor-post-type=\"page\">\n\t\t\t\t<div class=\"elementor-element elementor-element-50a34ab e-flex e-con-boxed e-con e-parent\" data-id=\"50a34ab\" data-element_type=\"container\" data-e-type=\"container\" data-settings=\"{&quot;jet_parallax_layout_list&quot;:[]}\">\n\t\t\t\t\t<div class=\"e-con-inner\">\n\t\t<div class=\"elementor-element elementor-element-74c4fea e-con-full e-flex e-con e-child\" data-id=\"74c4fea\" data-element_type=\"container\" data-e-type=\"container\" data-settings=\"{&quot;jet_parallax_layout_list&quot;:[]}\">\n\t\t\t\t<div class=\"elementor-element elementor-element-95816b6 elementor-widget elementor-widget-heading\" data-id=\"95816b6\" data-element_type=\"widget\" data-e-type=\"widget\" data-widget_type=\"heading.default\">\n\t\t\t\t\t<h1 class=\"elementor-heading-title elementor-size-default\">Mistrzostwa Europy UEFA 2024\u20132025 <\/h1>\t\t\t\t<\/div>\n\t\t\t\t<div class=\"elementor-element elementor-element-fe49603 elementor-widget elementor-widget-heading\" data-id=\"fe49603\" data-element_type=\"widget\" data-e-type=\"widget\" data-widget_type=\"heading.default\">\n\t\t\t\t\t<h2 class=\"elementor-heading-title elementor-size-default\">Kt\u00f3re dru\u017cyny zdecydowa\u0142y si\u0119 na zr\u00f3wnowa\u017con\u0105 podr\u00f3\u017c?<\/h2>\t\t\t\t<\/div>\n\t\t\t\t<div class=\"elementor-element elementor-element-bc064e1 elementor-widget elementor-widget-text-editor\" data-id=\"bc064e1\" data-element_type=\"widget\" data-e-type=\"widget\" data-widget_type=\"text-editor.default\">\n\t\t\t\t\t\t\t\t\t<p data-start=\"70\" data-end=\"254\">Po krytyce zwi\u0105zanej z organizacj\u0105 mistrzostw Europy w wielu krajach, UEFA zdecydowa\u0142a si\u0119 skupi\u0107 mecze fazy grupowej w jednym miejscu, \u017ceby zmniejszy\u0107 liczb\u0119 podr\u00f3\u017cy dla dru\u017cyn i kibic\u00f3w.<\/p><p data-start=\"261\" data-end=\"464\">Dwa ostatnie turnieje odby\u0142y si\u0119 w Niemczech i Szwajcarii, gdzie operatorzy kolejowi Deutsche Bahn i SBB nawi\u0105zali wsp\u00f3\u0142prac\u0119 z UEFA, aby u\u0142atwi\u0107 i zwi\u0119kszy\u0107 dost\u0119pno\u015b\u0107 podr\u00f3\u017cy poci\u0105giem w ka\u017cdym z tych kraj\u00f3w.<\/p><p data-start=\"471\" data-end=\"558\">Ale mo\u017cna i nale\u017cy zrobi\u0107 wi\u0119cej. Kampania T&amp;E \u201eTravel Smart\u201d oraz grupa organizacji partnerskich wezwa\u0142y UEFA do podj\u0119cia dalszych dzia\u0142a\u0144 poprzez <strong>wymagaj\u0105ce od dru\u017cyn podr\u00f3\u017cowania poci\u0105giem lub autokarem do i na terenie kraju goszcz\u0105cego, gdy podr\u00f3\u017ce nie przekraczaj\u0105 okre\u015blonej odleg\u0142o\u015bci lub czasu trwania.\u00a0<\/strong><\/p><p data-start=\"565\" data-end=\"601\" data-is-last-node=\"\">Zapoznaj si\u0119 z poni\u017cszymi stronami, aby dowiedzie\u0107 si\u0119 wi\u0119cej.<\/p>\t\t\t\t\t\t\t\t<\/div>\n\t\t\t\t<\/div>\n\t\t\t\t\t<\/div>\n\t\t\t\t<\/div>\n\t\t<div class=\"elementor-element elementor-element-433b442 e-flex e-con-boxed e-con e-parent\" data-id=\"433b442\" data-element_type=\"container\" data-e-type=\"container\" data-settings=\"{&quot;jet_parallax_layout_list&quot;:[]}\">\n\t\t\t\t\t<div class=\"e-con-inner\">\n\t\t<div class=\"elementor-element elementor-element-478dbe5 e-con-full e-flex e-con e-child\" data-id=\"478dbe5\" data-element_type=\"container\" data-e-type=\"container\" data-settings=\"{&quot;background_background&quot;:&quot;classic&quot;,&quot;jet_parallax_layout_list&quot;:[]}\">\n\t\t\t\t<div class=\"elementor-element elementor-element-a2880d7 elementor-widget elementor-widget-heading\" data-id=\"a2880d7\" data-element_type=\"widget\" data-e-type=\"widget\" data-widget_type=\"heading.default\">\n\t\t\t\t\t<h2 class=\"elementor-heading-title elementor-size-default\">Mistrzostwa Europy w pi\u0142ce no\u017cnej m\u0119\u017cczyzn 2024<\/h2>\t\t\t\t<\/div>\n\t\t\t\t<div class=\"elementor-element elementor-element-2624b7e elementor-widget elementor-widget-button\" data-id=\"2624b7e\" data-element_type=\"widget\" data-e-type=\"widget\" data-widget_type=\"button.default\">\n\t\t\t\t\t\t\t\t\t\t<a class=\"elementor-button elementor-button-link elementor-size-sm\" href=\"https:\/\/travelsmartcampaign.org\/pl\/najpierw-kolej\/mistrzostwa-europy-w-pilce-noznej-2024\/\">\n\t\t\t\t\t\t<span class=\"elementor-button-content-wrapper\">\n\t\t\t\t\t\t\t\t\t<span class=\"elementor-button-text\">Wy\u015bwietl stron\u0119<\/span>\n\t\t\t\t\t<\/span>\n\t\t\t\t\t<\/a>\n\t\t\t\t\t\t\t\t<\/div>\n\t\t\t\t<\/div>\n\t\t<div class=\"elementor-element elementor-element-9c61a3e e-con-full e-flex e-con e-child\" data-id=\"9c61a3e\" data-element_type=\"container\" data-e-type=\"container\" data-settings=\"{&quot;background_background&quot;:&quot;classic&quot;,&quot;jet_parallax_layout_list&quot;:[]}\">\n\t\t\t\t<div class=\"elementor-element elementor-element-ee175e2 elementor-widget elementor-widget-heading\" data-id=\"ee175e2\" data-element_type=\"widget\" data-e-type=\"widget\" data-widget_type=\"heading.default\">\n\t\t\t\t\t<h2 class=\"elementor-heading-title elementor-size-default\">UEFA Euro 2025 dla kobiet<\/h2>\t\t\t\t<\/div>\n\t\t\t\t<div class=\"elementor-element elementor-element-d39b366 elementor-widget elementor-widget-button\" data-id=\"d39b366\" data-element_type=\"widget\" data-e-type=\"widget\" data-widget_type=\"button.default\">\n\t\t\t\t\t\t\t\t\t\t<a class=\"elementor-button elementor-button-link elementor-size-sm\" href=\"https:\/\/travelsmartcampaign.org\/pl\/najpierw-kolej\/uefa-womens-euro-2025\/\">\n\t\t\t\t\t\t<span class=\"elementor-button-content-wrapper\">\n\t\t\t\t\t\t\t\t\t<span class=\"elementor-button-text\">Wy\u015bwietl stron\u0119<\/span>\n\t\t\t\t\t<\/span>\n\t\t\t\t\t<\/a>\n\t\t\t\t\t\t\t\t<\/div>\n\t\t\t\t<\/div>\n\t\t\t\t\t<\/div>\n\t\t\t\t<\/div>\n\t\t\t\t<\/div>","protected":false},"excerpt":{"rendered":"<p>UEFA Euros 2024-25 Which teams opted for sustainable travel? After facing criticism for hosting the Euros across multiple countries, UEFA moved to cluster group-stage matches in order to reduce the amount of travel required for teams and fans. The two most recent tournaments were held in Germany and Switzerland, where rail operators Deutsche Bahn and [&hellip;]<\/p>\n","protected":false},"author":7,"featured_media":0,"parent":0,"menu_order":0,"comment_status":"closed","ping_status":"closed","template":"","meta":{"footnotes":""},"class_list":["post-19749","page","type-page","status-publish","hentry"],"yoast_head":"<!-- This site is optimized with the Yoast SEO plugin v27.3 - https:\/\/yoast.com\/product\/yoast-seo-wordpress\/ -->\n<title>UEFA Euros 2024-25 - Travel Smart Campaign<\/title>\n<meta name=\"robots\" content=\"index, follow, max-snippet:-1, max-image-preview:large, max-video-preview:-1\" \/>\n<link rel=\"canonical\" href=\"https:\/\/travelsmartcampaign.org\/pl\/uefa-euros-2024-25\/\" \/>\n<meta property=\"og:locale\" content=\"pl_PL\" \/>\n<meta property=\"og:type\" content=\"article\" \/>\n<meta property=\"og:title\" content=\"UEFA Euros 2024-25 - Travel Smart Campaign\" \/>\n<meta property=\"og:description\" content=\"UEFA Euros 2024-25 Which teams opted for sustainable travel? After facing criticism for hosting the Euros across multiple countries, UEFA moved to cluster group-stage matches in order to reduce the amount of travel required for teams and fans. The two most recent tournaments were held in Germany and Switzerland, where rail operators Deutsche Bahn and [&hellip;]\" \/>\n<meta property=\"og:url\" content=\"https:\/\/travelsmartcampaign.org\/pl\/uefa-euros-2024-25\/\" \/>\n<meta property=\"og:site_name\" content=\"Travel Smart Campaign\" \/>\n<meta property=\"article:modified_time\" content=\"2026-01-07T11:57:19+00:00\" \/>\n<meta name=\"twitter:card\" content=\"summary_large_image\" \/>\n<meta name=\"twitter:label1\" content=\"Szacowany czas czytania\" \/>\n\t<meta name=\"twitter:data1\" content=\"1 minuta\" \/>\n<script type=\"application\/ld+json\" class=\"yoast-schema-graph\">{\"@context\":\"https:\\\/\\\/schema.org\",\"@graph\":[{\"@type\":\"WebPage\",\"@id\":\"https:\\\/\\\/travelsmartcampaign.org\\\/uefa-euros-2024-25\\\/\",\"url\":\"https:\\\/\\\/travelsmartcampaign.org\\\/uefa-euros-2024-25\\\/\",\"name\":\"UEFA Euros 2024-25 - Travel Smart Campaign\",\"isPartOf\":{\"@id\":\"https:\\\/\\\/travelsmartcampaign.org\\\/#website\"},\"datePublished\":\"2025-12-22T22:42:40+00:00\",\"dateModified\":\"2026-01-07T11:57:19+00:00\",\"breadcrumb\":{\"@id\":\"https:\\\/\\\/travelsmartcampaign.org\\\/uefa-euros-2024-25\\\/#breadcrumb\"},\"inLanguage\":\"pl-PL\",\"potentialAction\":[{\"@type\":\"ReadAction\",\"target\":[\"https:\\\/\\\/travelsmartcampaign.org\\\/uefa-euros-2024-25\\\/\"]}]},{\"@type\":\"BreadcrumbList\",\"@id\":\"https:\\\/\\\/travelsmartcampaign.org\\\/uefa-euros-2024-25\\\/#breadcrumb\",\"itemListElement\":[{\"@type\":\"ListItem\",\"position\":1,\"name\":\"Home\",\"item\":\"https:\\\/\\\/travelsmartcampaign.org\\\/\"},{\"@type\":\"ListItem\",\"position\":2,\"name\":\"UEFA Euros 2024-25\"}]},{\"@type\":\"WebSite\",\"@id\":\"https:\\\/\\\/travelsmartcampaign.org\\\/#website\",\"url\":\"https:\\\/\\\/travelsmartcampaign.org\\\/\",\"name\":\"Travel Smart\",\"description\":\"\",\"publisher\":{\"@id\":\"https:\\\/\\\/travelsmartcampaign.org\\\/#organization\"},\"potentialAction\":[{\"@type\":\"SearchAction\",\"target\":{\"@type\":\"EntryPoint\",\"urlTemplate\":\"https:\\\/\\\/travelsmartcampaign.org\\\/?s={search_term_string}\"},\"query-input\":{\"@type\":\"PropertyValueSpecification\",\"valueRequired\":true,\"valueName\":\"search_term_string\"}}],\"inLanguage\":\"pl-PL\"},{\"@type\":\"Organization\",\"@id\":\"https:\\\/\\\/travelsmartcampaign.org\\\/#organization\",\"name\":\"Travel Smart\",\"url\":\"https:\\\/\\\/travelsmartcampaign.org\\\/\",\"logo\":{\"@type\":\"ImageObject\",\"inLanguage\":\"pl-PL\",\"@id\":\"https:\\\/\\\/travelsmartcampaign.org\\\/#\\\/schema\\\/logo\\\/image\\\/\",\"url\":\"https:\\\/\\\/travelsmartcampaign.org\\\/wp-content\\\/uploads\\\/travel-smart-min.jpeg\",\"contentUrl\":\"https:\\\/\\\/travelsmartcampaign.org\\\/wp-content\\\/uploads\\\/travel-smart-min.jpeg\",\"width\":1200,\"height\":690,\"caption\":\"Travel Smart\"},\"image\":{\"@id\":\"https:\\\/\\\/travelsmartcampaign.org\\\/#\\\/schema\\\/logo\\\/image\\\/\"}}]}<\/script>\n<!-- \/ Yoast SEO plugin. -->","yoast_head_json":{"title":"Mistrzostwa Europy UEFA 2024\u20132025 \u2013 kampania Travel Smart","robots":{"index":"index","follow":"follow","max-snippet":"max-snippet:-1","max-image-preview":"max-image-preview:large","max-video-preview":"max-video-preview:-1"},"canonical":"https:\/\/travelsmartcampaign.org\/pl\/uefa-euros-2024-25\/","og_locale":"pl_PL","og_type":"article","og_title":"UEFA Euros 2024-25 - Travel Smart Campaign","og_description":"UEFA Euros 2024-25 Which teams opted for sustainable travel? After facing criticism for hosting the Euros across multiple countries, UEFA moved to cluster group-stage matches in order to reduce the amount of travel required for teams and fans. The two most recent tournaments were held in Germany and Switzerland, where rail operators Deutsche Bahn and [&hellip;]","og_url":"https:\/\/travelsmartcampaign.org\/pl\/uefa-euros-2024-25\/","og_site_name":"Travel Smart Campaign","article_modified_time":"2026-01-07T11:57:19+00:00","twitter_card":"summary_large_image","twitter_misc":{"Szacowany czas czytania":"1 minuta"},"schema":{"@context":"https:\/\/schema.org","@graph":[{"@type":"WebPage","@id":"https:\/\/travelsmartcampaign.org\/uefa-euros-2024-25\/","url":"https:\/\/travelsmartcampaign.org\/uefa-euros-2024-25\/","name":"Mistrzostwa Europy UEFA 2024\u20132025 \u2013 kampania Travel Smart","isPartOf":{"@id":"https:\/\/travelsmartcampaign.org\/#website"},"datePublished":"2025-12-22T22:42:40+00:00","dateModified":"2026-01-07T11:57:19+00:00","breadcrumb":{"@id":"https:\/\/travelsmartcampaign.org\/uefa-euros-2024-25\/#breadcrumb"},"inLanguage":"pl-PL","potentialAction":[{"@type":"ReadAction","target":["https:\/\/travelsmartcampaign.org\/uefa-euros-2024-25\/"]}]},{"@type":"BreadcrumbList","@id":"https:\/\/travelsmartcampaign.org\/uefa-euros-2024-25\/#breadcrumb","itemListElement":[{"@type":"ListItem","position":1,"name":"Home","item":"https:\/\/travelsmartcampaign.org\/"},{"@type":"ListItem","position":2,"name":"UEFA Euros 2024-25"}]},{"@type":"WebSite","@id":"https:\/\/travelsmartcampaign.org\/#website","url":"https:\/\/travelsmartcampaign.org\/","name":"Travel Smart","description":"","publisher":{"@id":"https:\/\/travelsmartcampaign.org\/#organization"},"potentialAction":[{"@type":"SearchAction","target":{"@type":"EntryPoint","urlTemplate":"https:\/\/travelsmartcampaign.org\/?s={search_term_string}"},"query-input":{"@type":"PropertyValueSpecification","valueRequired":true,"valueName":"search_term_string"}}],"inLanguage":"pl-PL"},{"@type":"Organization","@id":"https:\/\/travelsmartcampaign.org\/#organization","name":"Travel Smart","url":"https:\/\/travelsmartcampaign.org\/","logo":{"@type":"ImageObject","inLanguage":"pl-PL","@id":"https:\/\/travelsmartcampaign.org\/#\/schema\/logo\/image\/","url":"https:\/\/travelsmartcampaign.org\/wp-content\/uploads\/travel-smart-min.jpeg","contentUrl":"https:\/\/travelsmartcampaign.org\/wp-content\/uploads\/travel-smart-min.jpeg","width":1200,"height":690,"caption":"Travel Smart"},"image":{"@id":"https:\/\/travelsmartcampaign.org\/#\/schema\/logo\/image\/"}}]}},"_links":{"self":[{"href":"https:\/\/travelsmartcampaign.org\/pl\/wp-json\/wp\/v2\/pages\/19749","targetHints":{"allow":["GET"]}}],"collection":[{"href":"https:\/\/travelsmartcampaign.org\/pl\/wp-json\/wp\/v2\/pages"}],"about":[{"href":"https:\/\/travelsmartcampaign.org\/pl\/wp-json\/wp\/v2\/types\/page"}],"author":[{"embeddable":true,"href":"https:\/\/travelsmartcampaign.org\/pl\/wp-json\/wp\/v2\/users\/7"}],"replies":[{"embeddable":true,"href":"https:\/\/travelsmartcampaign.org\/pl\/wp-json\/wp\/v2\/comments?post=19749"}],"version-history":[{"count":9,"href":"https:\/\/travelsmartcampaign.org\/pl\/wp-json\/wp\/v2\/pages\/19749\/revisions"}],"predecessor-version":[{"id":20141,"href":"https:\/\/travelsmartcampaign.org\/pl\/wp-json\/wp\/v2\/pages\/19749\/revisions\/20141"}],"wp:attachment":[{"href":"https:\/\/travelsmartcampaign.org\/pl\/wp-json\/wp\/v2\/media?parent=19749"}],"curies":[{"name":"wp","href":"https:\/\/api.w.org\/{rel}","templated":true}]}}