{"id":3,"date":"2022-04-19T23:23:39","date_gmt":"2022-04-19T23:23:39","guid":{"rendered":"http:\/\/travelsmartcampaign.org\/?page_id=3"},"modified":"2022-05-03T17:01:30","modified_gmt":"2022-05-03T17:01:30","slug":"polityka-prywatnosci","status":"publish","type":"page","link":"https:\/\/travelsmartcampaign.org\/pl\/privacy-policy\/","title":{"rendered":"Polityka prywatno\u015bci"},"content":{"rendered":"<div data-elementor-type=\"wp-page\" data-elementor-id=\"3\" class=\"elementor elementor-3\" data-elementor-post-type=\"page\">\n\t\t\t\t\t\t<section class=\"elementor-section elementor-top-section elementor-element elementor-element-1b5ad17c elementor-section-boxed elementor-section-height-default elementor-section-height-default\" data-id=\"1b5ad17c\" data-element_type=\"section\" data-e-type=\"section\" data-settings=\"{&quot;jet_parallax_layout_list&quot;:[]}\">\n\t\t\t\t\t\t<div class=\"elementor-container elementor-column-gap-default\">\n\t\t\t\t\t<div class=\"elementor-column elementor-col-100 elementor-top-column elementor-element elementor-element-4047b312\" data-id=\"4047b312\" data-element_type=\"column\" data-e-type=\"column\">\n\t\t\t<div class=\"elementor-widget-wrap elementor-element-populated\">\n\t\t\t\t\t\t<div class=\"elementor-element elementor-element-bedd277 elementor-widget elementor-widget-heading\" data-id=\"bedd277\" data-element_type=\"widget\" data-e-type=\"widget\" data-widget_type=\"heading.default\">\n\t\t\t\t\t<h1 class=\"elementor-heading-title elementor-size-default\">Polityka prywatno\u015bci<\/h1>\t\t\t\t<\/div>\n\t\t\t\t<div class=\"elementor-element elementor-element-03dc423 elementor-widget elementor-widget-text-editor\" data-id=\"03dc423\" data-element_type=\"widget\" data-e-type=\"widget\" data-widget_type=\"text-editor.default\">\n\t\t\t\t\t\t\t\t\t<p>Organizatorem kampanii Travel Smart jest: <a href=\"https:\/\/www.transportenvironment.org\/\" target=\"_blank\" rel=\"noreferrer noopener\">Transport &amp; Environment<\/a>. Rejestruj\u0105c si\u0119 w celu otrzymywania wiadomo\u015bci od Kampanii Travel Smart, wyra\u017casz zgod\u0119 na przechowywanie i kontrolowanie Twoich danych osobowych przez Kampani\u0119 Travel Smart i Transport &amp; Environment, zgodnie z poni\u017csz\u0105 polityk\u0105.<\/p>\t\t\t\t\t\t\t\t<\/div>\n\t\t\t\t<div class=\"elementor-element elementor-element-06fe9ed elementor-widget-divider--view-line elementor-widget elementor-widget-divider\" data-id=\"06fe9ed\" data-element_type=\"widget\" data-e-type=\"widget\" data-widget_type=\"divider.default\">\n\t\t\t\t\t\t\t<div class=\"elementor-divider\">\n\t\t\t<span class=\"elementor-divider-separator\">\n\t\t\t\t\t\t<\/span>\n\t\t<\/div>\n\t\t\t\t\t\t<\/div>\n\t\t\t\t<div class=\"elementor-element elementor-element-362222b8 elementor-widget elementor-widget-text-editor\" data-id=\"362222b8\" data-element_type=\"widget\" data-e-type=\"widget\" data-widget_type=\"text-editor.default\">\n\t\t\t\t\t\t\t\t\t\n<p class=\"intro\">Organizacja non-profit Transport &amp; Environment (EUROPEJSKA FEDERACJA TRANSPORTU I \u015aRODOWISKA AISBL \u2013 numer stowarzyszenia 44.3.549.326), w skr\u00f3cie T&amp;E, przywi\u0105zuje du\u017c\u0105 wag\u0119 do poszanowania prawa do prywatno\u015bci przechowywanych przez siebie danych osobowych.<br \/>Mo\u017cesz skontaktowa\u0107 si\u0119 z T&amp;E pod adresem:<br \/>Plac de Meeus, 18<br \/>1050 Bruksela<br \/><a href=\"mailto:info@transportenvironment.org\">info@transportenvironment.org<\/a><\/p>\n<p><b>Kim s\u0105 osoby, kt\u00f3rych dotyczy to o\u015bwiadczenie?<\/b><br \/>T&amp;E jest administratorem danych osobowych swoich cz\u0142onk\u00f3w lub przedstawicieli swoich cz\u0142onk\u00f3w, swoich wykonawc\u00f3w lub dostawc\u00f3w, danych osobowych kandydat\u00f3w do pracy, danych osobowych zebranych na tej stronie internetowej, podczas wymiany e-maili lub w terenie ( takie jak wizyt\u00f3wki, publicznie dost\u0119pne dane kontaktowe m.in. na stronach internetowych, dane osobowe zbierane podczas wydarze\u0144, w realizowanych przez nas petycjach, dane osobowe dziennikarzy aktywnie zaanga\u017cowanych w kwestie ochrony \u015brodowiska itp.). Gromadzimy i przechowujemy Twoje dane, poniewa\u017c nale\u017cysz do jednej z tych kategorii. Je\u015bli tak nie jest, skontaktuj si\u0119 z nami.<\/p>\n<p><b>Co oznaczaj\u0105 \u201edane osobowe\u201d?<\/b><br \/>Dane osobowe oznaczaj\u0105 wszelkie informacje dotycz\u0105ce zidentyfikowanej lub mo\u017cliwej do zidentyfikowania osoby fizycznej; osoba mo\u017cliwa do zidentyfikowania to osoba, kt\u00f3r\u0105 mo\u017cna bezpo\u015brednio lub po\u015brednio zidentyfikowa\u0107, w szczeg\u00f3lno\u015bci na podstawie adresu e-mail.<\/p>\n<p>Co do zasady dost\u0119p do informacji dost\u0119pnych w serwisie lub za jego po\u015brednictwem nie wymaga podawania przez u\u017cytkownika \u017cadnych danych osobowych. Jednak\u017ce w celu korzystania z niekt\u00f3rych us\u0142ug online, takich jak kontaktowanie si\u0119 z nami za po\u015brednictwem formularza kontaktowego lub zapisanie si\u0119 do naszego newslettera (zwanego Biuletynem), listy kontakt\u00f3w medialnych i powiadomie\u0144 e-mailowych, mo\u017cesz zosta\u0107 poproszony o podanie nam danych osobowych, takich jak imi\u0119 i nazwisko , nazwisko, nazwa firmy i adres e-mail.<\/p>\n<p><b>Dlaczego zbieramy i przechowujemy dane osobowe?<\/b><br \/>T&amp;E przetwarza Twoje dane osobowe w oparciu o sw\u00f3j prawnie uzasadniony interes polegaj\u0105cy na podnoszeniu \u015bwiadomo\u015bci w zakresie kwestii zwi\u0105zanych ze \u015brodowiskiem lub w celu wykonania umowy, takiej jak umowa stowarzyszeniowa lub umowa, kt\u00f3r\u0105 akceptujesz, prosz\u0105c o skorzystanie z naszej us\u0142ugi. T&amp;E gromadzi i przechowuje wy\u0142\u0105cznie dane osobowe niezb\u0119dne do komunikowania si\u0119 na temat swojej pracy, na przyk\u0142ad za po\u015brednictwem comiesi\u0119cznych biuletyn\u00f3w, powiadomie\u0144 e-mailowych i petycji online, komunikacji z wykonawcami i partnerami lub wsp\u00f3\u0142pracy z pracownikami. Dane osobowe nie s\u0105 wykorzystywane w \u017cadnym innym celu i nigdy w celach komercyjnych. W zwi\u0105zku z tym T&amp;E b\u0119dzie przechowywa\u0107 dane osobowe przez mo\u017cliwie najkr\u00f3tszy czas, zgodnie z realizowanymi celami. Na przyk\u0142ad, je\u015bli otrzymamy CV dotycz\u0105ce oferty pracy, usuniemy je natychmiast po znalezieniu danej osoby, chyba \u017ce kandydaci poprosz\u0105 nas o zachowanie ich CV. W pozosta\u0142ych przypadkach Twoje dane osobowe usuniemy co do zasady po trzech latach od Twojego ostatniego kontaktu z nami.<\/p>\n<p>T&amp;E nie b\u0119dzie wykorzystywa\u0107, udost\u0119pnia\u0107, wypo\u017cycza\u0107 ani sprzedawa\u0107 Twoich danych nikomu z wyj\u0105tkiem cel\u00f3w audytu, w kt\u00f3rych mo\u017cemy pokaza\u0107 darczy\u0144com listy uczestnik\u00f3w uzyskane na wydarzeniach wy\u0142\u0105cznie w celu sprawdzenia, czy wydarzenia finansowane przez fundacj\u0119 mia\u0142y miejsce. Je\u015bli chodzi o kontakty z mediami, T&amp;E prowadzi list\u0119 kontakt\u00f3w z mediami, kt\u00f3r\u0105 udost\u0119pnia organizacji pozarz\u0105dowej zajmuj\u0105cej si\u0119 ochron\u0105 \u015brodowiska EEB (numer stowarzyszenia 415.814.848).<\/p>\n<p>Nie zbieramy \u015bwiadomie danych osobowych od dzieci poni\u017cej 16 roku \u017cycia. W przypadku odkrycia, \u017ce dziecko poni\u017cej 16 roku \u017cycia przekaza\u0142o nam dane osobowe, natychmiast usuwamy je z naszych serwer\u00f3w. Je\u015bli jeste\u015b rodzicem lub opiekunem i wiesz, \u017ce Twoje dziecko przekaza\u0142o nam dane osobowe, skontaktuj si\u0119 z nami pod adresem info@transportenvironment.org, aby\u015bmy mogli podj\u0105\u0107 niezb\u0119dne dzia\u0142ania.<\/p>\n<p><b>Gdzie przechowujemy dane osobowe i czy przekazujemy Twoje dane podmiotom trzecim?<\/b><br \/>\u017badne dane nie s\u0105 przechowywane ani przekazywane poza Europ\u0119, z wyj\u0105tkiem przypadku, gdy korzystamy z us\u0142ug zakontraktowanego podmiotu przetwarzaj\u0105cego dane dzia\u0142aj\u0105cego w ramach Tarczy Prywatno\u015bci UE-USA lub UE-Szwajcaria. T&amp;E mo\u017ce zatrudnia\u0107 firmy zewn\u0119trzne i freelancer\u00f3w do gromadzenia i przechowywania danych osobowych. Do tych dostawc\u00f3w us\u0142ug nale\u017c\u0105 Google, MailChimp, Eventbrite, Campaignion! i Microsoftu. Wybieramy wy\u0142\u0105cznie firmy zewn\u0119trzne i freelancer\u00f3w, kt\u00f3rzy spe\u0142niaj\u0105 wymogi RODO.<\/p>\n<p><b>Czy dane osobowe s\u0105 u nas bezpieczne?<\/b><br \/>Podejmujemy \u015brodki ostro\u017cno\u015bci, aby chroni\u0107 Twoje dane zar\u00f3wno online, jak i offline. Dost\u0119p do danych osobowych maj\u0105 wy\u0142\u0105cznie pracownicy, kt\u00f3rzy potrzebuj\u0105 tych informacji do wykonania okre\u015blonych czynno\u015bci. Komputery\/serwery, na kt\u00f3rych przechowujemy dane osobowe, s\u0105 chronione i przechowywane w bezpiecznym \u015brodowisku.<\/p>\n<p><b>Z jakich praw mo\u017cesz skorzysta\u0107?<\/b><br \/>Dost\u0119p do Twoich danych osobowych mo\u017cna uzyska\u0107, kontaktuj\u0105c si\u0119 z T&amp;E pod adresem info@transportenvironment.org. Mo\u017cesz poprosi\u0107 nas o przeniesienie Twoich danych osobowych do innego stowarzyszenia (jest to Twoje prawo do przenoszenia danych, ale tylko wtedy, gdy przetwarzanie Twoich danych odbywa si\u0119 na podstawie umowy); sprostowania lub uzupe\u0142nienia swoich danych osobowych; aby anulowa\u0107 subskrypcj\u0119 naszych e-maili; ograniczenia naszego dost\u0119pu do Twoich danych lub usuni\u0119cia Twoich danych osobowych z naszej bazy danych.<\/p>\n<p><b>Czy na naszej stronie internetowej znajduj\u0105 si\u0119 pliki cookies?<\/b><br \/>T&amp;E gromadzi i przechowuje r\u00f3wnie\u017c pliki cookie, czyli ma\u0142y plik tekstowy, kt\u00f3ry witryna internetowa zapisuje na Twoim komputerze lub urz\u0105dzeniu mobilnym podczas odwiedzania witryny. Umo\u017cliwia witrynie zapami\u0119tanie Twoich dzia\u0142a\u0144 i preferencji przez pewien czas, dzi\u0119ki czemu nie musisz ich ponownie okre\u015bla\u0107 za ka\u017cdym razem, gdy wr\u00f3cisz na witryn\u0119 lub przejdziesz z jednej strony na drug\u0105. T&amp;E wykorzystuje te pliki cookie, aby poprawi\u0107 komfort korzystania z witryny internetowej przez u\u017cytkownik\u00f3w, na przyk\u0142ad za po\u015brednictwem Google Analytics.<\/p>\n<p><b>Aktualizacja<\/b><br \/>Niniejsza polityka jest od czasu do czasu aktualizowana. Najnowsza wersja jest dost\u0119pna na tej stronie i zosta\u0142a opublikowana 25 maja 2018 r. Zalecamy okresowe przegl\u0105danie tej strony pod k\u0105tem wszelkich zmian. Zmiany te obowi\u0105zuj\u0105 natychmiast po ich opublikowaniu na tej stronie.<\/p>\n<p>Je\u015bli obawiasz si\u0119, \u017ce nie przestrzegali\u015bmy Twoich praw lub obowi\u0105zuj\u0105cych przepis\u00f3w dotycz\u0105cych prywatno\u015bci, mo\u017cesz skontaktowa\u0107 si\u0119 z belgijskim organem ochrony danych (organem ochrony danych: https:\/\/www.dataprotectionauthority.be\/). Alternatywnie, je\u015bli znajdujesz si\u0119 poza Belgi\u0105, mo\u017cesz skontaktowa\u0107 si\u0119 z lokalnym organem ds. ochrony danych.<\/p>\n\t\t\t\t\t\t\t\t<\/div>\n\t\t\t\t\t<\/div>\n\t\t<\/div>\n\t\t\t\t\t<\/div>\n\t\t<\/section>\n\t\t\t\t<\/div>","protected":false},"excerpt":{"rendered":"<p>Privacy Policy The Travel Smart Campaign is hosted by Transport &amp; Environment. By signing up to receive communications from the Travel Smart Campaign, you consent to the Travel Smart Campaign and Transport &amp; Environment storing and controlling your personal data, in line with the policy below. The non-for-profit Transport &amp; Environment organization (EUROPEAN FEDERATION FOR [&hellip;]<\/p>\n","protected":false},"author":1,"featured_media":0,"parent":0,"menu_order":0,"comment_status":"closed","ping_status":"closed","template":"","meta":{"footnotes":""},"class_list":["post-3","page","type-page","status-publish","hentry"],"yoast_head":"<!-- This site is optimized with the Yoast SEO plugin v27.4 - https:\/\/yoast.com\/product\/yoast-seo-wordpress\/ -->\n<title>Privacy Policy - Travel Smart Campaign<\/title>\n<meta name=\"robots\" content=\"index, follow, max-snippet:-1, max-image-preview:large, max-video-preview:-1\" \/>\n<link rel=\"canonical\" href=\"https:\/\/travelsmartcampaign.org\/pl\/polityka-prywatnosci\/\" \/>\n<meta property=\"og:locale\" content=\"pl_PL\" \/>\n<meta property=\"og:type\" content=\"article\" \/>\n<meta property=\"og:title\" content=\"Privacy Policy - Travel Smart Campaign\" \/>\n<meta property=\"og:description\" content=\"Privacy Policy The Travel Smart Campaign is hosted by Transport &amp; Environment. By signing up to receive communications from the Travel Smart Campaign, you consent to the Travel Smart Campaign and Transport &amp; Environment storing and controlling your personal data, in line with the policy below. The non-for-profit Transport &amp; Environment organization (EUROPEAN FEDERATION FOR [&hellip;]\" \/>\n<meta property=\"og:url\" content=\"https:\/\/travelsmartcampaign.org\/pl\/polityka-prywatnosci\/\" \/>\n<meta property=\"og:site_name\" content=\"Travel Smart Campaign\" \/>\n<meta property=\"article:modified_time\" content=\"2022-05-03T17:01:30+00:00\" \/>\n<meta name=\"twitter:card\" content=\"summary_large_image\" \/>\n<meta name=\"twitter:label1\" content=\"Szacowany czas czytania\" \/>\n\t<meta name=\"twitter:data1\" content=\"5 minut\" \/>\n<script type=\"application\/ld+json\" class=\"yoast-schema-graph\">{\"@context\":\"https:\\\/\\\/schema.org\",\"@graph\":[{\"@type\":\"WebPage\",\"@id\":\"https:\\\/\\\/travelsmartcampaign.org\\\/privacy-policy\\\/\",\"url\":\"https:\\\/\\\/travelsmartcampaign.org\\\/privacy-policy\\\/\",\"name\":\"Privacy Policy - Travel Smart Campaign\",\"isPartOf\":{\"@id\":\"https:\\\/\\\/travelsmartcampaign.org\\\/#website\"},\"datePublished\":\"2022-04-19T23:23:39+00:00\",\"dateModified\":\"2022-05-03T17:01:30+00:00\",\"breadcrumb\":{\"@id\":\"https:\\\/\\\/travelsmartcampaign.org\\\/privacy-policy\\\/#breadcrumb\"},\"inLanguage\":\"pl-PL\",\"potentialAction\":[{\"@type\":\"ReadAction\",\"target\":[\"https:\\\/\\\/travelsmartcampaign.org\\\/privacy-policy\\\/\"]}]},{\"@type\":\"BreadcrumbList\",\"@id\":\"https:\\\/\\\/travelsmartcampaign.org\\\/privacy-policy\\\/#breadcrumb\",\"itemListElement\":[{\"@type\":\"ListItem\",\"position\":1,\"name\":\"Home\",\"item\":\"https:\\\/\\\/travelsmartcampaign.org\\\/\"},{\"@type\":\"ListItem\",\"position\":2,\"name\":\"Privacy Policy\"}]},{\"@type\":\"WebSite\",\"@id\":\"https:\\\/\\\/travelsmartcampaign.org\\\/#website\",\"url\":\"https:\\\/\\\/travelsmartcampaign.org\\\/\",\"name\":\"Travel Smart\",\"description\":\"\",\"publisher\":{\"@id\":\"https:\\\/\\\/travelsmartcampaign.org\\\/#organization\"},\"potentialAction\":[{\"@type\":\"SearchAction\",\"target\":{\"@type\":\"EntryPoint\",\"urlTemplate\":\"https:\\\/\\\/travelsmartcampaign.org\\\/?s={search_term_string}\"},\"query-input\":{\"@type\":\"PropertyValueSpecification\",\"valueRequired\":true,\"valueName\":\"search_term_string\"}}],\"inLanguage\":\"pl-PL\"},{\"@type\":\"Organization\",\"@id\":\"https:\\\/\\\/travelsmartcampaign.org\\\/#organization\",\"name\":\"Travel Smart\",\"url\":\"https:\\\/\\\/travelsmartcampaign.org\\\/\",\"logo\":{\"@type\":\"ImageObject\",\"inLanguage\":\"pl-PL\",\"@id\":\"https:\\\/\\\/travelsmartcampaign.org\\\/#\\\/schema\\\/logo\\\/image\\\/\",\"url\":\"https:\\\/\\\/travelsmartcampaign.org\\\/wp-content\\\/uploads\\\/travel-smart-min.jpeg\",\"contentUrl\":\"https:\\\/\\\/travelsmartcampaign.org\\\/wp-content\\\/uploads\\\/travel-smart-min.jpeg\",\"width\":1200,\"height\":690,\"caption\":\"Travel Smart\"},\"image\":{\"@id\":\"https:\\\/\\\/travelsmartcampaign.org\\\/#\\\/schema\\\/logo\\\/image\\\/\"}}]}<\/script>\n<!-- \/ Yoast SEO plugin. -->","yoast_head_json":{"title":"Polityka prywatno\u015bci \u2013 kampania Travel Smart","robots":{"index":"index","follow":"follow","max-snippet":"max-snippet:-1","max-image-preview":"max-image-preview:large","max-video-preview":"max-video-preview:-1"},"canonical":"https:\/\/travelsmartcampaign.org\/pl\/polityka-prywatnosci\/","og_locale":"pl_PL","og_type":"article","og_title":"Privacy Policy - Travel Smart Campaign","og_description":"Privacy Policy The Travel Smart Campaign is hosted by Transport &amp; Environment. By signing up to receive communications from the Travel Smart Campaign, you consent to the Travel Smart Campaign and Transport &amp; Environment storing and controlling your personal data, in line with the policy below. The non-for-profit Transport &amp; Environment organization (EUROPEAN FEDERATION FOR [&hellip;]","og_url":"https:\/\/travelsmartcampaign.org\/pl\/polityka-prywatnosci\/","og_site_name":"Travel Smart Campaign","article_modified_time":"2022-05-03T17:01:30+00:00","twitter_card":"summary_large_image","twitter_misc":{"Szacowany czas czytania":"5 minut"},"schema":{"@context":"https:\/\/schema.org","@graph":[{"@type":"WebPage","@id":"https:\/\/travelsmartcampaign.org\/privacy-policy\/","url":"https:\/\/travelsmartcampaign.org\/privacy-policy\/","name":"Polityka prywatno\u015bci \u2013 kampania Travel Smart","isPartOf":{"@id":"https:\/\/travelsmartcampaign.org\/#website"},"datePublished":"2022-04-19T23:23:39+00:00","dateModified":"2022-05-03T17:01:30+00:00","breadcrumb":{"@id":"https:\/\/travelsmartcampaign.org\/privacy-policy\/#breadcrumb"},"inLanguage":"pl-PL","potentialAction":[{"@type":"ReadAction","target":["https:\/\/travelsmartcampaign.org\/privacy-policy\/"]}]},{"@type":"BreadcrumbList","@id":"https:\/\/travelsmartcampaign.org\/privacy-policy\/#breadcrumb","itemListElement":[{"@type":"ListItem","position":1,"name":"Home","item":"https:\/\/travelsmartcampaign.org\/"},{"@type":"ListItem","position":2,"name":"Privacy Policy"}]},{"@type":"WebSite","@id":"https:\/\/travelsmartcampaign.org\/#website","url":"https:\/\/travelsmartcampaign.org\/","name":"Travel Smart","description":"","publisher":{"@id":"https:\/\/travelsmartcampaign.org\/#organization"},"potentialAction":[{"@type":"SearchAction","target":{"@type":"EntryPoint","urlTemplate":"https:\/\/travelsmartcampaign.org\/?s={search_term_string}"},"query-input":{"@type":"PropertyValueSpecification","valueRequired":true,"valueName":"search_term_string"}}],"inLanguage":"pl-PL"},{"@type":"Organization","@id":"https:\/\/travelsmartcampaign.org\/#organization","name":"Travel Smart","url":"https:\/\/travelsmartcampaign.org\/","logo":{"@type":"ImageObject","inLanguage":"pl-PL","@id":"https:\/\/travelsmartcampaign.org\/#\/schema\/logo\/image\/","url":"https:\/\/travelsmartcampaign.org\/wp-content\/uploads\/travel-smart-min.jpeg","contentUrl":"https:\/\/travelsmartcampaign.org\/wp-content\/uploads\/travel-smart-min.jpeg","width":1200,"height":690,"caption":"Travel Smart"},"image":{"@id":"https:\/\/travelsmartcampaign.org\/#\/schema\/logo\/image\/"}}]}},"_links":{"self":[{"href":"https:\/\/travelsmartcampaign.org\/pl\/wp-json\/wp\/v2\/pages\/3","targetHints":{"allow":["GET"]}}],"collection":[{"href":"https:\/\/travelsmartcampaign.org\/pl\/wp-json\/wp\/v2\/pages"}],"about":[{"href":"https:\/\/travelsmartcampaign.org\/pl\/wp-json\/wp\/v2\/types\/page"}],"author":[{"embeddable":true,"href":"https:\/\/travelsmartcampaign.org\/pl\/wp-json\/wp\/v2\/users\/1"}],"replies":[{"embeddable":true,"href":"https:\/\/travelsmartcampaign.org\/pl\/wp-json\/wp\/v2\/comments?post=3"}],"version-history":[{"count":0,"href":"https:\/\/travelsmartcampaign.org\/pl\/wp-json\/wp\/v2\/pages\/3\/revisions"}],"wp:attachment":[{"href":"https:\/\/travelsmartcampaign.org\/pl\/wp-json\/wp\/v2\/media?parent=3"}],"curies":[{"name":"wp","href":"https:\/\/api.w.org\/{rel}","templated":true}]}}