{"id":19749,"date":"2025-12-22T23:42:40","date_gmt":"2025-12-22T22:42:40","guid":{"rendered":"http:\/\/travelsmartcampaign.org\/?page_id=19749"},"modified":"2026-01-07T12:57:19","modified_gmt":"2026-01-07T11:57:19","slug":"uefa-euros-2024-25","status":"publish","type":"page","link":"https:\/\/travelsmartcampaign.org\/pt\/uefa-euros-2024-25\/","title":{"rendered":"Eurocopa 2024-25"},"content":{"rendered":"<div data-elementor-type=\"wp-page\" data-elementor-id=\"19749\" class=\"elementor elementor-19749\" data-elementor-post-type=\"page\">\n\t\t\t\t<div class=\"elementor-element elementor-element-50a34ab e-flex e-con-boxed e-con e-parent\" data-id=\"50a34ab\" data-element_type=\"container\" data-e-type=\"container\" data-settings=\"{&quot;jet_parallax_layout_list&quot;:[]}\">\n\t\t\t\t\t<div class=\"e-con-inner\">\n\t\t<div class=\"elementor-element elementor-element-74c4fea e-con-full e-flex e-con e-child\" data-id=\"74c4fea\" data-element_type=\"container\" data-e-type=\"container\" data-settings=\"{&quot;jet_parallax_layout_list&quot;:[]}\">\n\t\t\t\t<div class=\"elementor-element elementor-element-95816b6 elementor-widget elementor-widget-heading\" data-id=\"95816b6\" data-element_type=\"widget\" data-e-type=\"widget\" data-widget_type=\"heading.default\">\n\t\t\t\t\t<h1 class=\"elementor-heading-title elementor-size-default\">Eurocopa 2024-25 <\/h1>\t\t\t\t<\/div>\n\t\t\t\t<div class=\"elementor-element elementor-element-fe49603 elementor-widget elementor-widget-heading\" data-id=\"fe49603\" data-element_type=\"widget\" data-e-type=\"widget\" data-widget_type=\"heading.default\">\n\t\t\t\t\t<h2 class=\"elementor-heading-title elementor-size-default\">Que equipas optaram por viagens sustent\u00e1veis?<\/h2>\t\t\t\t<\/div>\n\t\t\t\t<div class=\"elementor-element elementor-element-bc064e1 elementor-widget elementor-widget-text-editor\" data-id=\"bc064e1\" data-element_type=\"widget\" data-e-type=\"widget\" data-widget_type=\"text-editor.default\">\n\t\t\t\t\t\t\t\t\t<p data-start=\"70\" data-end=\"254\">Ap\u00f3s enfrentar cr\u00edticas por sediar o Euro em v\u00e1rios pa\u00edses, a UEFA decidiu agrupar os jogos da fase de grupos para reduzir a quantidade de viagens necess\u00e1rias para as equipas e os adeptos.<\/p><p data-start=\"261\" data-end=\"464\">Os dois torneios mais recentes foram realizados na Alemanha e na Su\u00ed\u00e7a, onde as operadoras ferrovi\u00e1rias Deutsche Bahn e SBB fizeram uma parceria com a UEFA para tornar as viagens de comboio mais f\u00e1ceis e acess\u00edveis em cada pa\u00eds.<\/p><p data-start=\"471\" data-end=\"558\">Mas h\u00e1 mais que pode \u2014 e deve \u2014 ser feito. A campanha Travel Smart da T&amp;E e um grupo de organiza\u00e7\u00f5es parceiras apelaram \u00e0 UEFA para ir mais longe, atrav\u00e9s de <strong>exigir que as equipas viajem de comboio ou de autocarro para e dentro do pa\u00eds anfitri\u00e3o quando as viagens forem inferiores a uma determinada dist\u00e2ncia ou dura\u00e7\u00e3o.\u00a0<\/strong><\/p><p data-start=\"565\" data-end=\"601\" data-is-last-node=\"\">Explore as p\u00e1ginas abaixo para saber mais.<\/p>\t\t\t\t\t\t\t\t<\/div>\n\t\t\t\t<\/div>\n\t\t\t\t\t<\/div>\n\t\t\t\t<\/div>\n\t\t<div class=\"elementor-element elementor-element-433b442 e-flex e-con-boxed e-con e-parent\" data-id=\"433b442\" data-element_type=\"container\" data-e-type=\"container\" data-settings=\"{&quot;jet_parallax_layout_list&quot;:[]}\">\n\t\t\t\t\t<div class=\"e-con-inner\">\n\t\t<div class=\"elementor-element elementor-element-478dbe5 e-con-full e-flex e-con e-child\" data-id=\"478dbe5\" data-element_type=\"container\" data-e-type=\"container\" data-settings=\"{&quot;background_background&quot;:&quot;classic&quot;,&quot;jet_parallax_layout_list&quot;:[]}\">\n\t\t\t\t<div class=\"elementor-element elementor-element-a2880d7 elementor-widget elementor-widget-heading\" data-id=\"a2880d7\" data-element_type=\"widget\" data-e-type=\"widget\" data-widget_type=\"heading.default\">\n\t\t\t\t\t<h2 class=\"elementor-heading-title elementor-size-default\">Eurocopa Masculina da UEFA 2024<\/h2>\t\t\t\t<\/div>\n\t\t\t\t<div class=\"elementor-element elementor-element-2624b7e elementor-widget elementor-widget-button\" data-id=\"2624b7e\" data-element_type=\"widget\" data-e-type=\"widget\" data-widget_type=\"button.default\">\n\t\t\t\t\t\t\t\t\t\t<a class=\"elementor-button elementor-button-link elementor-size-sm\" href=\"https:\/\/travelsmartcampaign.org\/pt\/trilho-primeiro\/eurocopa-de-futebol-2024\/\">\n\t\t\t\t\t\t<span class=\"elementor-button-content-wrapper\">\n\t\t\t\t\t\t\t\t\t<span class=\"elementor-button-text\">Ver p\u00e1gina<\/span>\n\t\t\t\t\t<\/span>\n\t\t\t\t\t<\/a>\n\t\t\t\t\t\t\t\t<\/div>\n\t\t\t\t<\/div>\n\t\t<div class=\"elementor-element elementor-element-9c61a3e e-con-full e-flex e-con e-child\" data-id=\"9c61a3e\" data-element_type=\"container\" data-e-type=\"container\" data-settings=\"{&quot;background_background&quot;:&quot;classic&quot;,&quot;jet_parallax_layout_list&quot;:[]}\">\n\t\t\t\t<div class=\"elementor-element elementor-element-ee175e2 elementor-widget elementor-widget-heading\" data-id=\"ee175e2\" data-element_type=\"widget\" data-e-type=\"widget\" data-widget_type=\"heading.default\">\n\t\t\t\t\t<h2 class=\"elementor-heading-title elementor-size-default\">UEFA Women's Euro 2025<\/h2>\t\t\t\t<\/div>\n\t\t\t\t<div class=\"elementor-element elementor-element-d39b366 elementor-widget elementor-widget-button\" data-id=\"d39b366\" data-element_type=\"widget\" data-e-type=\"widget\" data-widget_type=\"button.default\">\n\t\t\t\t\t\t\t\t\t\t<a class=\"elementor-button elementor-button-link elementor-size-sm\" href=\"https:\/\/travelsmartcampaign.org\/pt\/trilho-primeiro\/uefa-womens-euro-2025\/\">\n\t\t\t\t\t\t<span class=\"elementor-button-content-wrapper\">\n\t\t\t\t\t\t\t\t\t<span class=\"elementor-button-text\">Ver p\u00e1gina<\/span>\n\t\t\t\t\t<\/span>\n\t\t\t\t\t<\/a>\n\t\t\t\t\t\t\t\t<\/div>\n\t\t\t\t<\/div>\n\t\t\t\t\t<\/div>\n\t\t\t\t<\/div>\n\t\t\t\t<\/div>","protected":false},"excerpt":{"rendered":"<p>UEFA Euros 2024-25 Which teams opted for sustainable travel? After facing criticism for hosting the Euros across multiple countries, UEFA moved to cluster group-stage matches in order to reduce the amount of travel required for teams and fans. The two most recent tournaments were held in Germany and Switzerland, where rail operators Deutsche Bahn and [&hellip;]<\/p>\n","protected":false},"author":7,"featured_media":0,"parent":0,"menu_order":0,"comment_status":"closed","ping_status":"closed","template":"","meta":{"footnotes":""},"class_list":["post-19749","page","type-page","status-publish","hentry"],"yoast_head":"<!-- This site is optimized with the Yoast SEO plugin v27.3 - https:\/\/yoast.com\/product\/yoast-seo-wordpress\/ -->\n<title>UEFA Euros 2024-25 - Travel Smart Campaign<\/title>\n<meta name=\"robots\" content=\"index, follow, max-snippet:-1, max-image-preview:large, max-video-preview:-1\" \/>\n<link rel=\"canonical\" href=\"https:\/\/travelsmartcampaign.org\/pt\/uefa-euros-2024-25\/\" \/>\n<meta property=\"og:locale\" content=\"pt_PT\" \/>\n<meta property=\"og:type\" content=\"article\" \/>\n<meta property=\"og:title\" content=\"UEFA Euros 2024-25 - Travel Smart Campaign\" \/>\n<meta property=\"og:description\" content=\"UEFA Euros 2024-25 Which teams opted for sustainable travel? After facing criticism for hosting the Euros across multiple countries, UEFA moved to cluster group-stage matches in order to reduce the amount of travel required for teams and fans. The two most recent tournaments were held in Germany and Switzerland, where rail operators Deutsche Bahn and [&hellip;]\" \/>\n<meta property=\"og:url\" content=\"https:\/\/travelsmartcampaign.org\/pt\/uefa-euros-2024-25\/\" \/>\n<meta property=\"og:site_name\" content=\"Travel Smart Campaign\" \/>\n<meta property=\"article:modified_time\" content=\"2026-01-07T11:57:19+00:00\" \/>\n<meta name=\"twitter:card\" content=\"summary_large_image\" \/>\n<meta name=\"twitter:label1\" content=\"Tempo estimado de leitura\" \/>\n\t<meta name=\"twitter:data1\" content=\"1 minuto\" \/>\n<script type=\"application\/ld+json\" class=\"yoast-schema-graph\">{\"@context\":\"https:\\\/\\\/schema.org\",\"@graph\":[{\"@type\":\"WebPage\",\"@id\":\"https:\\\/\\\/travelsmartcampaign.org\\\/uefa-euros-2024-25\\\/\",\"url\":\"https:\\\/\\\/travelsmartcampaign.org\\\/uefa-euros-2024-25\\\/\",\"name\":\"UEFA Euros 2024-25 - Travel Smart Campaign\",\"isPartOf\":{\"@id\":\"https:\\\/\\\/travelsmartcampaign.org\\\/#website\"},\"datePublished\":\"2025-12-22T22:42:40+00:00\",\"dateModified\":\"2026-01-07T11:57:19+00:00\",\"breadcrumb\":{\"@id\":\"https:\\\/\\\/travelsmartcampaign.org\\\/uefa-euros-2024-25\\\/#breadcrumb\"},\"inLanguage\":\"pt-PT\",\"potentialAction\":[{\"@type\":\"ReadAction\",\"target\":[\"https:\\\/\\\/travelsmartcampaign.org\\\/uefa-euros-2024-25\\\/\"]}]},{\"@type\":\"BreadcrumbList\",\"@id\":\"https:\\\/\\\/travelsmartcampaign.org\\\/uefa-euros-2024-25\\\/#breadcrumb\",\"itemListElement\":[{\"@type\":\"ListItem\",\"position\":1,\"name\":\"Home\",\"item\":\"https:\\\/\\\/travelsmartcampaign.org\\\/\"},{\"@type\":\"ListItem\",\"position\":2,\"name\":\"UEFA Euros 2024-25\"}]},{\"@type\":\"WebSite\",\"@id\":\"https:\\\/\\\/travelsmartcampaign.org\\\/#website\",\"url\":\"https:\\\/\\\/travelsmartcampaign.org\\\/\",\"name\":\"Travel Smart\",\"description\":\"\",\"publisher\":{\"@id\":\"https:\\\/\\\/travelsmartcampaign.org\\\/#organization\"},\"potentialAction\":[{\"@type\":\"SearchAction\",\"target\":{\"@type\":\"EntryPoint\",\"urlTemplate\":\"https:\\\/\\\/travelsmartcampaign.org\\\/?s={search_term_string}\"},\"query-input\":{\"@type\":\"PropertyValueSpecification\",\"valueRequired\":true,\"valueName\":\"search_term_string\"}}],\"inLanguage\":\"pt-PT\"},{\"@type\":\"Organization\",\"@id\":\"https:\\\/\\\/travelsmartcampaign.org\\\/#organization\",\"name\":\"Travel Smart\",\"url\":\"https:\\\/\\\/travelsmartcampaign.org\\\/\",\"logo\":{\"@type\":\"ImageObject\",\"inLanguage\":\"pt-PT\",\"@id\":\"https:\\\/\\\/travelsmartcampaign.org\\\/#\\\/schema\\\/logo\\\/image\\\/\",\"url\":\"https:\\\/\\\/travelsmartcampaign.org\\\/wp-content\\\/uploads\\\/travel-smart-min.jpeg\",\"contentUrl\":\"https:\\\/\\\/travelsmartcampaign.org\\\/wp-content\\\/uploads\\\/travel-smart-min.jpeg\",\"width\":1200,\"height\":690,\"caption\":\"Travel Smart\"},\"image\":{\"@id\":\"https:\\\/\\\/travelsmartcampaign.org\\\/#\\\/schema\\\/logo\\\/image\\\/\"}}]}<\/script>\n<!-- \/ Yoast SEO plugin. -->","yoast_head_json":{"title":"UEFA Euros 2024-25 - Campanha Travel Smart","robots":{"index":"index","follow":"follow","max-snippet":"max-snippet:-1","max-image-preview":"max-image-preview:large","max-video-preview":"max-video-preview:-1"},"canonical":"https:\/\/travelsmartcampaign.org\/pt\/uefa-euros-2024-25\/","og_locale":"pt_PT","og_type":"article","og_title":"UEFA Euros 2024-25 - Travel Smart Campaign","og_description":"UEFA Euros 2024-25 Which teams opted for sustainable travel? After facing criticism for hosting the Euros across multiple countries, UEFA moved to cluster group-stage matches in order to reduce the amount of travel required for teams and fans. The two most recent tournaments were held in Germany and Switzerland, where rail operators Deutsche Bahn and [&hellip;]","og_url":"https:\/\/travelsmartcampaign.org\/pt\/uefa-euros-2024-25\/","og_site_name":"Travel Smart Campaign","article_modified_time":"2026-01-07T11:57:19+00:00","twitter_card":"summary_large_image","twitter_misc":{"Tempo estimado de leitura":"1 minuto"},"schema":{"@context":"https:\/\/schema.org","@graph":[{"@type":"WebPage","@id":"https:\/\/travelsmartcampaign.org\/uefa-euros-2024-25\/","url":"https:\/\/travelsmartcampaign.org\/uefa-euros-2024-25\/","name":"UEFA Euros 2024-25 - Campanha Travel Smart","isPartOf":{"@id":"https:\/\/travelsmartcampaign.org\/#website"},"datePublished":"2025-12-22T22:42:40+00:00","dateModified":"2026-01-07T11:57:19+00:00","breadcrumb":{"@id":"https:\/\/travelsmartcampaign.org\/uefa-euros-2024-25\/#breadcrumb"},"inLanguage":"pt-PT","potentialAction":[{"@type":"ReadAction","target":["https:\/\/travelsmartcampaign.org\/uefa-euros-2024-25\/"]}]},{"@type":"BreadcrumbList","@id":"https:\/\/travelsmartcampaign.org\/uefa-euros-2024-25\/#breadcrumb","itemListElement":[{"@type":"ListItem","position":1,"name":"Home","item":"https:\/\/travelsmartcampaign.org\/"},{"@type":"ListItem","position":2,"name":"UEFA Euros 2024-25"}]},{"@type":"WebSite","@id":"https:\/\/travelsmartcampaign.org\/#website","url":"https:\/\/travelsmartcampaign.org\/","name":"Viagem Inteligente","description":"","publisher":{"@id":"https:\/\/travelsmartcampaign.org\/#organization"},"potentialAction":[{"@type":"SearchAction","target":{"@type":"EntryPoint","urlTemplate":"https:\/\/travelsmartcampaign.org\/?s={search_term_string}"},"query-input":{"@type":"PropertyValueSpecification","valueRequired":true,"valueName":"search_term_string"}}],"inLanguage":"pt-PT"},{"@type":"Organization","@id":"https:\/\/travelsmartcampaign.org\/#organization","name":"Viagem Inteligente","url":"https:\/\/travelsmartcampaign.org\/","logo":{"@type":"ImageObject","inLanguage":"pt-PT","@id":"https:\/\/travelsmartcampaign.org\/#\/schema\/logo\/image\/","url":"https:\/\/travelsmartcampaign.org\/wp-content\/uploads\/travel-smart-min.jpeg","contentUrl":"https:\/\/travelsmartcampaign.org\/wp-content\/uploads\/travel-smart-min.jpeg","width":1200,"height":690,"caption":"Travel Smart"},"image":{"@id":"https:\/\/travelsmartcampaign.org\/#\/schema\/logo\/image\/"}}]}},"_links":{"self":[{"href":"https:\/\/travelsmartcampaign.org\/pt\/wp-json\/wp\/v2\/pages\/19749","targetHints":{"allow":["GET"]}}],"collection":[{"href":"https:\/\/travelsmartcampaign.org\/pt\/wp-json\/wp\/v2\/pages"}],"about":[{"href":"https:\/\/travelsmartcampaign.org\/pt\/wp-json\/wp\/v2\/types\/page"}],"author":[{"embeddable":true,"href":"https:\/\/travelsmartcampaign.org\/pt\/wp-json\/wp\/v2\/users\/7"}],"replies":[{"embeddable":true,"href":"https:\/\/travelsmartcampaign.org\/pt\/wp-json\/wp\/v2\/comments?post=19749"}],"version-history":[{"count":9,"href":"https:\/\/travelsmartcampaign.org\/pt\/wp-json\/wp\/v2\/pages\/19749\/revisions"}],"predecessor-version":[{"id":20141,"href":"https:\/\/travelsmartcampaign.org\/pt\/wp-json\/wp\/v2\/pages\/19749\/revisions\/20141"}],"wp:attachment":[{"href":"https:\/\/travelsmartcampaign.org\/pt\/wp-json\/wp\/v2\/media?parent=19749"}],"curies":[{"name":"wp","href":"https:\/\/api.w.org\/{rel}","templated":true}]}}