{"id":3,"date":"2022-04-19T23:23:39","date_gmt":"2022-04-19T23:23:39","guid":{"rendered":"http:\/\/travelsmartcampaign.org\/?page_id=3"},"modified":"2022-05-03T17:01:30","modified_gmt":"2022-05-03T17:01:30","slug":"politica-de-privacidade","status":"publish","type":"page","link":"https:\/\/travelsmartcampaign.org\/pt\/privacy-policy\/","title":{"rendered":"Pol\u00edtica de Privacidade"},"content":{"rendered":"<div data-elementor-type=\"wp-page\" data-elementor-id=\"3\" class=\"elementor elementor-3\" data-elementor-post-type=\"page\">\n\t\t\t\t\t\t<section class=\"elementor-section elementor-top-section elementor-element elementor-element-1b5ad17c elementor-section-boxed elementor-section-height-default elementor-section-height-default\" data-id=\"1b5ad17c\" data-element_type=\"section\" data-e-type=\"section\" data-settings=\"{&quot;jet_parallax_layout_list&quot;:[]}\">\n\t\t\t\t\t\t<div class=\"elementor-container elementor-column-gap-default\">\n\t\t\t\t\t<div class=\"elementor-column elementor-col-100 elementor-top-column elementor-element elementor-element-4047b312\" data-id=\"4047b312\" data-element_type=\"column\" data-e-type=\"column\">\n\t\t\t<div class=\"elementor-widget-wrap elementor-element-populated\">\n\t\t\t\t\t\t<div class=\"elementor-element elementor-element-bedd277 elementor-widget elementor-widget-heading\" data-id=\"bedd277\" data-element_type=\"widget\" data-e-type=\"widget\" data-widget_type=\"heading.default\">\n\t\t\t\t\t<h1 class=\"elementor-heading-title elementor-size-default\">Pol\u00edtica de Privacidade<\/h1>\t\t\t\t<\/div>\n\t\t\t\t<div class=\"elementor-element elementor-element-03dc423 elementor-widget elementor-widget-text-editor\" data-id=\"03dc423\" data-element_type=\"widget\" data-e-type=\"widget\" data-widget_type=\"text-editor.default\">\n\t\t\t\t\t\t\t\t\t<p>A Campanha Travel Smart \u00e9 hospedada por <a href=\"https:\/\/www.transportenvironment.org\/\" target=\"_blank\" rel=\"noreferrer noopener\">Transport &amp; Environment<\/a>. Ao se inscrever para receber comunica\u00e7\u00f5es da Campanha Travel Smart, voc\u00ea consente que a Campanha Travel Smart e Transport &amp; Environment armazenem e controlem seus dados pessoais, de acordo com a pol\u00edtica abaixo.<\/p>\t\t\t\t\t\t\t\t<\/div>\n\t\t\t\t<div class=\"elementor-element elementor-element-06fe9ed elementor-widget-divider--view-line elementor-widget elementor-widget-divider\" data-id=\"06fe9ed\" data-element_type=\"widget\" data-e-type=\"widget\" data-widget_type=\"divider.default\">\n\t\t\t\t\t\t\t<div class=\"elementor-divider\">\n\t\t\t<span class=\"elementor-divider-separator\">\n\t\t\t\t\t\t<\/span>\n\t\t<\/div>\n\t\t\t\t\t\t<\/div>\n\t\t\t\t<div class=\"elementor-element elementor-element-362222b8 elementor-widget elementor-widget-text-editor\" data-id=\"362222b8\" data-element_type=\"widget\" data-e-type=\"widget\" data-widget_type=\"text-editor.default\">\n\t\t\t\t\t\t\t\t\t\n<p class=\"intro\">A organiza\u00e7\u00e3o sem fins lucrativos Transport &amp; Environment (FEDERA\u00c7\u00c3O EUROPEIA PARA OS TRANSPORTES E MEIO AMBIENTE AISBL \u2013 associa\u00e7\u00e3o n\u00famero 44.3.549.326), na forma abreviada T&amp;E, atribui grande import\u00e2ncia ao respeito ao direito \u00e0 privacidade dos dados pessoais que armazena.<br \/>Voc\u00ea pode entrar em contato com a T&amp;E em:<br \/>Pra\u00e7a de Meeus, 18<br \/>1050 Bruxelas<br \/><a href=\"mailto:info@transportenvironment.org\">info@transportenvironment.org<\/a><\/p>\n<p><b>Quem s\u00e3o as pessoas interessadas por esta declara\u00e7\u00e3o?<\/b><br \/>A T&amp;E \u00e9 a respons\u00e1vel pelo tratamento dos dados pessoais dos seus membros ou dos representantes dos seus membros, dos seus contratantes ou fornecedores, dos dados pessoais dos candidatos a emprego, dos dados pessoais recolhidos neste website, durante as trocas de e-mails ou no terreno ( como cart\u00f5es de visita, informa\u00e7\u00f5es de contato publicamente dispon\u00edveis em sites, informa\u00e7\u00f5es pessoais coletadas durante eventos, nas peti\u00e7\u00f5es que implementamos, dados pessoais dos jornalistas envolvidos ativamente na \u00e1rea ambiental etc.). Coletamos e armazenamos seus dados porque voc\u00ea est\u00e1 em uma dessas categorias. Por favor contacte-nos se n\u00e3o for o caso.<\/p>\n<p><b>O que significa \u201cdados pessoais\u201d?<\/b><br \/>Dados pessoais significa qualquer informa\u00e7\u00e3o relativa a uma pessoa singular identificada ou identific\u00e1vel; uma pessoa identific\u00e1vel \u00e9 aquela que pode ser identificada, direta ou indiretamente, em particular por refer\u00eancia a um e-mail.<\/p>\n<p>Em princ\u00edpio, o acesso \u00e0s informa\u00e7\u00f5es dispon\u00edveis neste ou atrav\u00e9s deste site n\u00e3o requer que nenhum dado pessoal seja fornecido pelo usu\u00e1rio. No entanto, para usar certos servi\u00e7os online, como entrar em contato conosco por meio de nosso formul\u00e1rio de contato ou assinar nosso boletim informativo (chamado Boletim), lista de contatos de m\u00eddia e alertas de e-mail, voc\u00ea pode ser solicitado a nos fornecer dados pessoais, como seu primeiro nome , sobrenome, nome da empresa e endere\u00e7o de e-mail.<\/p>\n<p><b>Por que coletamos e armazenamos dados pessoais?<\/b><br \/>A T&amp;E processa seus dados pessoais com base em seu interesse leg\u00edtimo para aumentar a conscientiza\u00e7\u00e3o sobre quest\u00f5es ambientais ou para executar um contrato como o contrato de associa\u00e7\u00e3o ou o contrato que voc\u00ea aceita quando solicita um servi\u00e7o nosso. A T&amp;E coleta e armazena apenas os dados pessoais necess\u00e1rios para comunicar seu trabalho, por exemplo, por meio de boletins mensais, alertas por e-mail e peti\u00e7\u00f5es on-line, comunicar-se com contratados e parceiros ou trabalhar com seus funcion\u00e1rios. Os dados pessoais n\u00e3o s\u00e3o usados por nenhum outro motivo e nunca para fins comerciais. Assim, a T&amp;E armazenar\u00e1 os dados pessoais pelo menor tempo poss\u00edvel de acordo com as finalidades pretendidas. Por exemplo, se recebermos curr\u00edculos para uma oportunidade de emprego, excluiremos os curr\u00edculos logo ap\u00f3s encontrarmos algu\u00e9m, a menos que os candidatos nos pe\u00e7am para manter seus curr\u00edculos. Em outros casos, excluiremos seus dados pessoais em princ\u00edpio tr\u00eas anos ap\u00f3s seu \u00faltimo contato conosco.<\/p>\n<p>A T&amp;E n\u00e3o usar\u00e1, compartilhar\u00e1, alugar\u00e1 ou vender\u00e1 suas informa\u00e7\u00f5es com ningu\u00e9m, exceto para fins de auditoria, onde podemos mostrar listas de participantes obtidas em eventos para doadores com o \u00fanico prop\u00f3sito de verificar se os eventos financiados ocorreram. Em rela\u00e7\u00e3o aos contatos de m\u00eddia, a T&amp;E mant\u00e9m uma lista de contatos de m\u00eddia que \u00e9 compartilhada com a ONG ambientalista EEB (n\u00famero de associa\u00e7\u00e3o 415.814.848).<\/p>\n<p>N\u00e3o coletamos intencionalmente informa\u00e7\u00f5es de identifica\u00e7\u00e3o pessoal de crian\u00e7as menores de 16 anos. No caso de descobrirmos que uma crian\u00e7a menor de 16 anos nos forneceu informa\u00e7\u00f5es pessoais, as exclu\u00edmos imediatamente de nossos servidores. Se voc\u00ea \u00e9 pai ou respons\u00e1vel e sabe que seu filho nos forneceu informa\u00e7\u00f5es pessoais, entre em contato conosco em info@transportenvironment.org para que possamos tomar as medidas necess\u00e1rias.<\/p>\n<p><b>Onde armazenamos dados pessoais e transferimos seus dados para terceiros?<\/b><br \/>Nenhum dado \u00e9 armazenado ou transferido para fora da Europa, exceto no caso de usarmos um processador de dados contratado operando sob a Estrutura do Escudo de Privacidade UE-EUA ou UE-Su\u00ed\u00e7a. A T&amp;E pode empregar empresas terceirizadas e freelancers para coletar e armazenar dados pessoais. Esses provedores de servi\u00e7os incluem Google, MailChimp, Eventbrite, Campaignion! e Microsoft. Escolhemos apenas empresas terceirizadas e freelancers que estejam em conformidade com o GDPR.<\/p>\n<p><b>Os dados pessoais est\u00e3o seguros conosco?<\/b><br \/>Tomamos precau\u00e7\u00f5es para proteger suas informa\u00e7\u00f5es online e offline. Somente os funcion\u00e1rios que precisam das informa\u00e7\u00f5es para realizar a\u00e7\u00f5es espec\u00edficas t\u00eam acesso \u00e0s informa\u00e7\u00f5es de identifica\u00e7\u00e3o pessoal. Os computadores\/servidores nos quais armazenamos informa\u00e7\u00f5es de identifica\u00e7\u00e3o pessoal s\u00e3o protegidos e mantidos em um ambiente seguro.<\/p>\n<p><b>Quais direitos voc\u00ea pode exercer?<\/b><br \/>Suas informa\u00e7\u00f5es pessoais est\u00e3o totalmente acess\u00edveis entrando em contato com a T&amp;E em info@transportenvironment.org. Pode solicitar-nos a transfer\u00eancia dos seus dados pessoais para outra associa\u00e7\u00e3o (\u00e9 seu direito de portabilidade de dados mas apenas se o tratamento dos seus dados for baseado num contrato); para corrigir ou completar seus dados pessoais; para cancelar sua inscri\u00e7\u00e3o em nossos e-mails; para limitar o nosso acesso aos seus dados ou para eliminar os seus dados pessoais da nossa base de dados.<\/p>\n<p><b>Temos cookies no nosso site?<\/b><br \/>A T&amp;E tamb\u00e9m coleta e armazena cookies, um pequeno arquivo de texto que um site salva em seu computador ou dispositivo m\u00f3vel quando voc\u00ea visita o site. Ele permite que o site se lembre de suas a\u00e7\u00f5es e prefer\u00eancias durante um per\u00edodo de tempo, para que voc\u00ea n\u00e3o precise reespecific\u00e1-las sempre que voltar ao site ou navegar de uma p\u00e1gina para outra. A T&amp;E usa esses cookies para melhorar a experi\u00eancia do usu\u00e1rio em seu site, por exemplo, via Google Analytics.<\/p>\n<p><b>Atualizar<\/b><br \/>Esta pol\u00edtica \u00e9 atualizada periodicamente. A vers\u00e3o mais recente est\u00e1 dispon\u00edvel nesta p\u00e1gina e foi publicada em 25 de maio de 2018. Recomendamos que voc\u00ea revise esta p\u00e1gina periodicamente para quaisquer altera\u00e7\u00f5es. Essas altera\u00e7\u00f5es entram em vigor imediatamente, ap\u00f3s serem publicadas nesta p\u00e1gina.<\/p>\n<p>Se voc\u00ea estiver preocupado com o fato de n\u00e3o termos cumprido seus direitos legais ou leis de privacidade aplic\u00e1veis, voc\u00ea pode entrar em contato com o DPA belga (Autoridade de prote\u00e7\u00e3o de dados: https:\/\/www.dataprotectionauthority.be\/). Como alternativa, se voc\u00ea estiver localizado fora da B\u00e9lgica, poder\u00e1 entrar em contato com a autoridade local de prote\u00e7\u00e3o de dados.<\/p>\n\t\t\t\t\t\t\t\t<\/div>\n\t\t\t\t\t<\/div>\n\t\t<\/div>\n\t\t\t\t\t<\/div>\n\t\t<\/section>\n\t\t\t\t<\/div>","protected":false},"excerpt":{"rendered":"<p>Privacy Policy The Travel Smart Campaign is hosted by Transport &amp; Environment. By signing up to receive communications from the Travel Smart Campaign, you consent to the Travel Smart Campaign and Transport &amp; Environment storing and controlling your personal data, in line with the policy below. The non-for-profit Transport &amp; Environment organization (EUROPEAN FEDERATION FOR [&hellip;]<\/p>\n","protected":false},"author":1,"featured_media":0,"parent":0,"menu_order":0,"comment_status":"closed","ping_status":"closed","template":"","meta":{"footnotes":""},"class_list":["post-3","page","type-page","status-publish","hentry"],"yoast_head":"<!-- This site is optimized with the Yoast SEO plugin v27.4 - https:\/\/yoast.com\/product\/yoast-seo-wordpress\/ -->\n<title>Privacy Policy - Travel Smart Campaign<\/title>\n<meta name=\"robots\" content=\"index, follow, max-snippet:-1, max-image-preview:large, max-video-preview:-1\" \/>\n<link rel=\"canonical\" href=\"https:\/\/travelsmartcampaign.org\/pt\/politica-de-privacidade\/\" \/>\n<meta property=\"og:locale\" content=\"pt_PT\" \/>\n<meta property=\"og:type\" content=\"article\" \/>\n<meta property=\"og:title\" content=\"Privacy Policy - Travel Smart Campaign\" \/>\n<meta property=\"og:description\" content=\"Privacy Policy The Travel Smart Campaign is hosted by Transport &amp; Environment. By signing up to receive communications from the Travel Smart Campaign, you consent to the Travel Smart Campaign and Transport &amp; Environment storing and controlling your personal data, in line with the policy below. The non-for-profit Transport &amp; Environment organization (EUROPEAN FEDERATION FOR [&hellip;]\" \/>\n<meta property=\"og:url\" content=\"https:\/\/travelsmartcampaign.org\/pt\/politica-de-privacidade\/\" \/>\n<meta property=\"og:site_name\" content=\"Travel Smart Campaign\" \/>\n<meta property=\"article:modified_time\" content=\"2022-05-03T17:01:30+00:00\" \/>\n<meta name=\"twitter:card\" content=\"summary_large_image\" \/>\n<meta name=\"twitter:label1\" content=\"Tempo estimado de leitura\" \/>\n\t<meta name=\"twitter:data1\" content=\"5 minutos\" \/>\n<script type=\"application\/ld+json\" class=\"yoast-schema-graph\">{\"@context\":\"https:\\\/\\\/schema.org\",\"@graph\":[{\"@type\":\"WebPage\",\"@id\":\"https:\\\/\\\/travelsmartcampaign.org\\\/privacy-policy\\\/\",\"url\":\"https:\\\/\\\/travelsmartcampaign.org\\\/privacy-policy\\\/\",\"name\":\"Privacy Policy - Travel Smart Campaign\",\"isPartOf\":{\"@id\":\"https:\\\/\\\/travelsmartcampaign.org\\\/#website\"},\"datePublished\":\"2022-04-19T23:23:39+00:00\",\"dateModified\":\"2022-05-03T17:01:30+00:00\",\"breadcrumb\":{\"@id\":\"https:\\\/\\\/travelsmartcampaign.org\\\/privacy-policy\\\/#breadcrumb\"},\"inLanguage\":\"pt-PT\",\"potentialAction\":[{\"@type\":\"ReadAction\",\"target\":[\"https:\\\/\\\/travelsmartcampaign.org\\\/privacy-policy\\\/\"]}]},{\"@type\":\"BreadcrumbList\",\"@id\":\"https:\\\/\\\/travelsmartcampaign.org\\\/privacy-policy\\\/#breadcrumb\",\"itemListElement\":[{\"@type\":\"ListItem\",\"position\":1,\"name\":\"Home\",\"item\":\"https:\\\/\\\/travelsmartcampaign.org\\\/\"},{\"@type\":\"ListItem\",\"position\":2,\"name\":\"Privacy Policy\"}]},{\"@type\":\"WebSite\",\"@id\":\"https:\\\/\\\/travelsmartcampaign.org\\\/#website\",\"url\":\"https:\\\/\\\/travelsmartcampaign.org\\\/\",\"name\":\"Travel Smart\",\"description\":\"\",\"publisher\":{\"@id\":\"https:\\\/\\\/travelsmartcampaign.org\\\/#organization\"},\"potentialAction\":[{\"@type\":\"SearchAction\",\"target\":{\"@type\":\"EntryPoint\",\"urlTemplate\":\"https:\\\/\\\/travelsmartcampaign.org\\\/?s={search_term_string}\"},\"query-input\":{\"@type\":\"PropertyValueSpecification\",\"valueRequired\":true,\"valueName\":\"search_term_string\"}}],\"inLanguage\":\"pt-PT\"},{\"@type\":\"Organization\",\"@id\":\"https:\\\/\\\/travelsmartcampaign.org\\\/#organization\",\"name\":\"Travel Smart\",\"url\":\"https:\\\/\\\/travelsmartcampaign.org\\\/\",\"logo\":{\"@type\":\"ImageObject\",\"inLanguage\":\"pt-PT\",\"@id\":\"https:\\\/\\\/travelsmartcampaign.org\\\/#\\\/schema\\\/logo\\\/image\\\/\",\"url\":\"https:\\\/\\\/travelsmartcampaign.org\\\/wp-content\\\/uploads\\\/travel-smart-min.jpeg\",\"contentUrl\":\"https:\\\/\\\/travelsmartcampaign.org\\\/wp-content\\\/uploads\\\/travel-smart-min.jpeg\",\"width\":1200,\"height\":690,\"caption\":\"Travel Smart\"},\"image\":{\"@id\":\"https:\\\/\\\/travelsmartcampaign.org\\\/#\\\/schema\\\/logo\\\/image\\\/\"}}]}<\/script>\n<!-- \/ Yoast SEO plugin. -->","yoast_head_json":{"title":"Pol\u00edtica de Privacidade - Campanha Travel Smart","robots":{"index":"index","follow":"follow","max-snippet":"max-snippet:-1","max-image-preview":"max-image-preview:large","max-video-preview":"max-video-preview:-1"},"canonical":"https:\/\/travelsmartcampaign.org\/pt\/politica-de-privacidade\/","og_locale":"pt_PT","og_type":"article","og_title":"Privacy Policy - Travel Smart Campaign","og_description":"Privacy Policy The Travel Smart Campaign is hosted by Transport &amp; Environment. By signing up to receive communications from the Travel Smart Campaign, you consent to the Travel Smart Campaign and Transport &amp; Environment storing and controlling your personal data, in line with the policy below. The non-for-profit Transport &amp; Environment organization (EUROPEAN FEDERATION FOR [&hellip;]","og_url":"https:\/\/travelsmartcampaign.org\/pt\/politica-de-privacidade\/","og_site_name":"Travel Smart Campaign","article_modified_time":"2022-05-03T17:01:30+00:00","twitter_card":"summary_large_image","twitter_misc":{"Tempo estimado de leitura":"5 minutos"},"schema":{"@context":"https:\/\/schema.org","@graph":[{"@type":"WebPage","@id":"https:\/\/travelsmartcampaign.org\/privacy-policy\/","url":"https:\/\/travelsmartcampaign.org\/privacy-policy\/","name":"Pol\u00edtica de Privacidade - Campanha Travel Smart","isPartOf":{"@id":"https:\/\/travelsmartcampaign.org\/#website"},"datePublished":"2022-04-19T23:23:39+00:00","dateModified":"2022-05-03T17:01:30+00:00","breadcrumb":{"@id":"https:\/\/travelsmartcampaign.org\/privacy-policy\/#breadcrumb"},"inLanguage":"pt-PT","potentialAction":[{"@type":"ReadAction","target":["https:\/\/travelsmartcampaign.org\/privacy-policy\/"]}]},{"@type":"BreadcrumbList","@id":"https:\/\/travelsmartcampaign.org\/privacy-policy\/#breadcrumb","itemListElement":[{"@type":"ListItem","position":1,"name":"Home","item":"https:\/\/travelsmartcampaign.org\/"},{"@type":"ListItem","position":2,"name":"Privacy Policy"}]},{"@type":"WebSite","@id":"https:\/\/travelsmartcampaign.org\/#website","url":"https:\/\/travelsmartcampaign.org\/","name":"Viagem Inteligente","description":"","publisher":{"@id":"https:\/\/travelsmartcampaign.org\/#organization"},"potentialAction":[{"@type":"SearchAction","target":{"@type":"EntryPoint","urlTemplate":"https:\/\/travelsmartcampaign.org\/?s={search_term_string}"},"query-input":{"@type":"PropertyValueSpecification","valueRequired":true,"valueName":"search_term_string"}}],"inLanguage":"pt-PT"},{"@type":"Organization","@id":"https:\/\/travelsmartcampaign.org\/#organization","name":"Viagem Inteligente","url":"https:\/\/travelsmartcampaign.org\/","logo":{"@type":"ImageObject","inLanguage":"pt-PT","@id":"https:\/\/travelsmartcampaign.org\/#\/schema\/logo\/image\/","url":"https:\/\/travelsmartcampaign.org\/wp-content\/uploads\/travel-smart-min.jpeg","contentUrl":"https:\/\/travelsmartcampaign.org\/wp-content\/uploads\/travel-smart-min.jpeg","width":1200,"height":690,"caption":"Travel Smart"},"image":{"@id":"https:\/\/travelsmartcampaign.org\/#\/schema\/logo\/image\/"}}]}},"_links":{"self":[{"href":"https:\/\/travelsmartcampaign.org\/pt\/wp-json\/wp\/v2\/pages\/3","targetHints":{"allow":["GET"]}}],"collection":[{"href":"https:\/\/travelsmartcampaign.org\/pt\/wp-json\/wp\/v2\/pages"}],"about":[{"href":"https:\/\/travelsmartcampaign.org\/pt\/wp-json\/wp\/v2\/types\/page"}],"author":[{"embeddable":true,"href":"https:\/\/travelsmartcampaign.org\/pt\/wp-json\/wp\/v2\/users\/1"}],"replies":[{"embeddable":true,"href":"https:\/\/travelsmartcampaign.org\/pt\/wp-json\/wp\/v2\/comments?post=3"}],"version-history":[{"count":0,"href":"https:\/\/travelsmartcampaign.org\/pt\/wp-json\/wp\/v2\/pages\/3\/revisions"}],"wp:attachment":[{"href":"https:\/\/travelsmartcampaign.org\/pt\/wp-json\/wp\/v2\/media?parent=3"}],"curies":[{"name":"wp","href":"https:\/\/api.w.org\/{rel}","templated":true}]}}